{"id":3389,"date":"2018-08-29T10:47:49","date_gmt":"2018-08-29T13:47:49","guid":{"rendered":"https:\/\/enovathemes.com\/globax\/?page_id=3389"},"modified":"2023-07-24T10:06:20","modified_gmt":"2023-07-24T13:06:20","slug":"home","status":"publish","type":"page","link":"https:\/\/realpaxfuneraria.com.br\/realpax\/","title":{"rendered":"Real Pax"},"content":{"rendered":"<p>[vc_row][vc_column][vc_column_text][\/vc_column_text][\/vc_column][\/vc_row][vc_section][vc_row gap=&#8221;0&#8243; css=&#8221;.vc_custom_1531843586639{padding-top: 96px !important;}&#8221;][vc_column animation_delay=&#8221;0&#8243; offset=&#8221;vc_col-lg-6 vc_col-md-8 vc_col-xs-12&#8243;]<h6 class=\"et-highlight-title \" style=\"font-size:16px;font-weight:700;line-height:24px;letter-spacing:0.5px;color:#003751;\" data-mobile-font=\"inherit\" data-tablet-font=\"inherit\"><span class=\"title-inner\">Assist\u00eancia Funeral<span class=\"highlight-line\" style=\"background-color:#c3da56;\"><\/span><\/span><\/h6><h3 id=\"et-animated-title-1\" class=\"et-animated-title et-clearfix  words-direct\" data-mobile-font=\"32px\" data-tablet-font=\"inherit\" data-delay=\"100\" style=\"font-size:48px;font-weight:700;line-height:56px;color:#212121;\"><span class=\"text-wrapper\"><span class=\"text\">Nos momentos mais dif\u00edceis n\u00f3s temos a <span class=\"highlight\" style=\"color: #003751;\">SOLU\u00c7\u00c3O<\/span><\/span><\/span><\/h3>[\/vc_column][vc_column animation_delay=&#8221;0&#8243; width=&#8221;1\/2&#8243; offset=&#8221;vc_hidden-lg vc_hidden-md vc_hidden-sm vc_hidden-xs&#8221;][\/vc_column][\/vc_row][\/vc_section][vc_section][vc_row gap=&#8221;0&#8243; css=&#8221;.vc_custom_1531831408148{padding-bottom: 64px !important;}&#8221;][vc_column animation_delay=&#8221;0&#8243; css=&#8221;.vc_custom_1530713434392{background-image: url(https:\/\/enovathemes.com\/globax\/wp-content\/uploads\/world.jpg?id=11623) !important;background-position: center !important;background-repeat: no-repeat !important;background-size: contain !important;}&#8221;]<div class=\"et-content-box-wrapper\"><style>#et-content-box-1{margin-left:-40px;margin-right:-40px;}#et-content-box-1 .box-item-inner {padding:40px}<\/style><div id=\"et-content-box-1\" class=\"et-content-box et-item-set et-clearfix hover-icon-move large icon-position-top icon-alignment-left effect-type-random effect-moveUp\" data-columns=\"3\"><div class=\"box-item-wrapper et-item et-box-item\"><style>#box-item-1 .et-icon-wrap {}#box-item-1 .et-icon-wrap > .et-icon {color:#c3da56;}<\/style><div id=\"box-item-1\"  class=\"box-item-inner et-item-inner\"><div class=\"box-item-content-wrapper et-clearfix\"><div class=\"et-icon-wrap \"><span class=\"box-hover\" style=\"\" ><\/span><span class=\"glint\" style=\"background-color:#c3da56;\"><\/span><span class=\"et-icon fa fa-users\"><\/span><\/div><div class=\"clearfix\"><\/div><div class=\"box-item-content et-clearfix\">[vc_custom_heading text=&#8221;PLANO FUNERAL&#8221; font_container=&#8221;tag:h5|font_size:18px|text_align:left|line_height:32px&#8221; use_theme_fonts=&#8221;yes&#8221; el_class=&#8221;letter-spacing-50&#8243; css=&#8221;.vc_custom_1535569110809{margin-bottom: 16px !important;}&#8221; link=&#8221;url:http%3A%2F%2Fwww.realpax.com.br%2Fsite%2F|||&#8221;][vc_column_text css=&#8221;.vc_custom_1536005689177{margin-bottom: 16px !important;}&#8221;]Uma alternativa para quem deseja estar prevenido, planos a partir de R$ 1,50.[\/vc_column_text]<a target=\"_blank\" href=\"http:\/\/www.realpax.com.br\" id=\"et-line-button-1\" style=\"color:#003751;\" class=\"et-line-button  modal-false false\"><span class=\"text\">Saiba Mais<\/span><span style=\"background-color:#c3da56;\" class=\"line-before line\"><\/span><span style=\"background-color:#c3da56;\" class=\"line-after line\"><\/span><\/a><\/div><\/div><\/div><\/div><div class=\"box-item-wrapper et-item et-box-item\"><style>#box-item-2 .et-icon-wrap {}#box-item-2 .et-icon-wrap > .et-icon {color:#c3da56;}<\/style><div id=\"box-item-2\"  class=\"box-item-inner et-item-inner\"><div class=\"box-item-content-wrapper et-clearfix\"><div class=\"et-icon-wrap \"><span class=\"box-hover\" style=\"\" ><\/span><span class=\"glint\" style=\"background-color:#c3da56;\"><\/span><span class=\"et-icon fa fa-ribbon\"><\/span><\/div><div class=\"clearfix\"><\/div><div class=\"box-item-content et-clearfix\">[vc_custom_heading text=&#8221;FUNERAL&#8221; font_container=&#8221;tag:h5|font_size:18px|text_align:left|line_height:32px&#8221; use_theme_fonts=&#8221;yes&#8221; el_class=&#8221;letter-spacing-50&#8243; css=&#8221;.vc_custom_1535569312864{margin-bottom: 16px !important;}&#8221;][vc_column_text css=&#8221;.vc_custom_1536005713798{margin-bottom: 16px !important;}&#8221;]Oferecemos todos os tipos de funerais, facilitando em 12x sem juros.[\/vc_column_text]<a target=\"_self\" href=\"http:\/\/realpaxfuneraria.com.br\/realpax\/funeral\" id=\"et-line-button-2\" style=\"color:#003751;\" class=\"et-line-button  modal-false false\"><span class=\"text\">Saiba Mais<\/span><span style=\"background-color:#c3da56;\" class=\"line-before line\"><\/span><span style=\"background-color:#c3da56;\" class=\"line-after line\"><\/span><\/a><\/div><\/div><\/div><\/div><div class=\"box-item-wrapper et-item et-box-item\"><style>#box-item-3 .et-icon-wrap {}#box-item-3 .et-icon-wrap > .et-icon {color:#c3da56;}<\/style><div id=\"box-item-3\"  class=\"box-item-inner et-item-inner\"><div class=\"box-item-content-wrapper et-clearfix\"><div class=\"et-icon-wrap \"><span class=\"box-hover\" style=\"\" ><\/span><span class=\"glint\" style=\"background-color:#c3da56;\"><\/span><span class=\"et-icon fa fa-chess-bishop\"><\/span><\/div><div class=\"clearfix\"><\/div><div class=\"box-item-content et-clearfix\">[vc_custom_heading text=&#8221;CREMA\u00c7\u00c3O&#8221; font_container=&#8221;tag:h5|font_size:18px|text_align:left|line_height:32px&#8221; use_theme_fonts=&#8221;yes&#8221; el_class=&#8221;letter-spacing-50&#8243; css=&#8221;.vc_custom_1535569357651{margin-bottom: 16px !important;}&#8221;][vc_column_text css=&#8221;.vc_custom_1536005731605{margin-bottom: 16px !important;}&#8221;]Hoje uma tend\u00eancia, somos especialistas nesse procedimento.[\/vc_column_text]<a target=\"_self\" href=\"http:\/\/realpaxfuneraria.com.br\/realpax\/cremacao\" id=\"et-line-button-3\" style=\"color:#003751;\" class=\"et-line-button  modal-false false\"><span class=\"text\">Saiba Mais<\/span><span style=\"background-color:#c3da56;\" class=\"line-before line\"><\/span><span style=\"background-color:#c3da56;\" class=\"line-after line\"><\/span><\/a><\/div><\/div><\/div><\/div><\/div><\/div><div class=\"et-content-box-wrapper\"><style>#et-content-box-2{margin-left:-40px;margin-right:-40px;}#et-content-box-2 .box-item-inner {padding:40px}<\/style><div id=\"et-content-box-2\" class=\"et-content-box et-item-set et-clearfix hover-icon-move large icon-position-top icon-alignment-left effect-type-random effect-moveUp\" data-columns=\"3\"><div class=\"box-item-wrapper et-item et-box-item\"><style>#box-item-4 .et-icon-wrap {}#box-item-4 .et-icon-wrap > .et-icon {color:#c3da56;}<\/style><div id=\"box-item-4\"  class=\"box-item-inner et-item-inner\"><div class=\"box-item-content-wrapper et-clearfix\"><div class=\"et-icon-wrap \"><span class=\"box-hover\" style=\"\" ><\/span><span class=\"glint\" style=\"background-color:#c3da56;\"><\/span><span class=\"et-icon fa fa-address-card\"><\/span><\/div><div class=\"clearfix\"><\/div><div class=\"box-item-content et-clearfix\">[vc_custom_heading text=&#8221;REGISTRO&#8221; font_container=&#8221;tag:h5|font_size:18px|text_align:left|line_height:32px&#8221; use_theme_fonts=&#8221;yes&#8221; el_class=&#8221;letter-spacing-50&#8243; css=&#8221;.vc_custom_1535569382113{margin-bottom: 16px !important;}&#8221;][vc_column_text css=&#8221;.vc_custom_1536005757318{margin-bottom: 16px !important;}&#8221;]O Registro do \u00f3bito \u00e9 necess\u00e1rio ao sepultamento e nossa equipe realiza esse servi\u00e7o sem custo.[\/vc_column_text]<a target=\"_self\" href=\"http:\/\/realpaxfuneraria.com.br\/realpax\/registro\" id=\"et-line-button-4\" style=\"color:#003751;\" class=\"et-line-button  modal-false false\"><span class=\"text\">Saiba Mais<\/span><span style=\"background-color:#c3da56;\" class=\"line-before line\"><\/span><span style=\"background-color:#c3da56;\" class=\"line-after line\"><\/span><\/a><\/div><\/div><\/div><\/div><div class=\"box-item-wrapper et-item et-box-item\"><style>#box-item-5 .et-icon-wrap {}#box-item-5 .et-icon-wrap > .et-icon {color:#c3da56;}<\/style><div id=\"box-item-5\"  class=\"box-item-inner et-item-inner\"><div class=\"box-item-content-wrapper et-clearfix\"><div class=\"et-icon-wrap \"><span class=\"box-hover\" style=\"\" ><\/span><span class=\"glint\" style=\"background-color:#c3da56;\"><\/span><span class=\"et-icon globax icon-gx-air-transport\"><\/span><\/div><div class=\"clearfix\"><\/div><div class=\"box-item-content et-clearfix\">[vc_custom_heading text=&#8221;TRANSLADO&#8221; font_container=&#8221;tag:h5|font_size:18px|text_align:left|line_height:32px&#8221; use_theme_fonts=&#8221;yes&#8221; el_class=&#8221;letter-spacing-50&#8243; css=&#8221;.vc_custom_1535569450960{margin-bottom: 16px !important;}&#8221;][vc_column_text css=&#8221;.vc_custom_1536005920583{margin-bottom: 16px !important;}&#8221;]Para qualquer local do Brasil e do Mundo, sem burocracias.[\/vc_column_text]<a target=\"_self\" href=\"http:\/\/realpaxfuneraria.com.br\/realpax\/translado\" id=\"et-line-button-5\" style=\"color:#003751;\" class=\"et-line-button  modal-false false\"><span class=\"text\">Saiba Mais<\/span><span style=\"background-color:#c3da56;\" class=\"line-before line\"><\/span><span style=\"background-color:#c3da56;\" class=\"line-after line\"><\/span><\/a><\/div><\/div><\/div><\/div><div class=\"box-item-wrapper et-item et-box-item\"><style>#box-item-6 .et-icon-wrap {}#box-item-6 .et-icon-wrap > .et-icon {color:#c3da56;}<\/style><div id=\"box-item-6\"  class=\"box-item-inner et-item-inner\"><div class=\"box-item-content-wrapper et-clearfix\"><div class=\"et-icon-wrap \"><span class=\"box-hover\" style=\"\" ><\/span><span class=\"glint\" style=\"background-color:#c3da56;\"><\/span><span class=\"et-icon fa fa-ambulance\"><\/span><\/div><div class=\"clearfix\"><\/div><div class=\"box-item-content et-clearfix\">[vc_custom_heading text=&#8221;REMO\u00c7\u00c3O&#8221; font_container=&#8221;tag:h5|font_size:18px|text_align:left|line_height:32px&#8221; use_theme_fonts=&#8221;yes&#8221; el_class=&#8221;letter-spacing-50&#8243; css=&#8221;.vc_custom_1535569478239{margin-bottom: 16px !important;}&#8221;][vc_column_text css=&#8221;.vc_custom_1536005939119{margin-bottom: 16px !important;}&#8221;]Frota pr\u00f3pria e moderna, para um atendimento r\u00e1pido.[\/vc_column_text]<a target=\"_self\" href=\"http:\/\/realpaxfuneraria.com.br\/realpax\/remocao\" id=\"et-line-button-6\" style=\"color:#003751;\" class=\"et-line-button  modal-false false\"><span class=\"text\">Saiba Mais<\/span><span style=\"background-color:#c3da56;\" class=\"line-before line\"><\/span><span style=\"background-color:#c3da56;\" class=\"line-after line\"><\/span><\/a><\/div><\/div><\/div><\/div><\/div><\/div>[\/vc_column][\/vc_row][\/vc_section][vc_row full_width=&#8221;stretch_row_content&#8221; gap=&#8221;0&#8243; equal_height=&#8221;yes&#8221; content_placement=&#8221;middle&#8221; video_bg_fixed=&#8221;true&#8221; css=&#8221;.vc_custom_1532095862907{background-color: #f5f5f5 !important;background-position: center !important;background-repeat: no-repeat !important;background-size: cover !important;}&#8221;][vc_column animation_delay=&#8221;0&#8243; css_animation=&#8221;right-to-left&#8221; under480_padding_left=&#8221;5%&#8221; under480_padding_right=&#8221;5%&#8221; over480_under_768_padding_left=&#8221;5%&#8221; over480_under_768_padding_right=&#8221;5%&#8221; over768_under_1024_padding_left=&#8221;15%&#8221; over768_under_1024_padding_right=&#8221;15%&#8221; over1024_under_1280_padding_left=&#8221;25%&#8221; over1024_under_1280_padding_right=&#8221;25%&#8221; over1280_under_1366_padding_left=&#8221;5%&#8221; over1280_under_1366_padding_right=&#8221;5%&#8221; over1366_under_1600_padding_left=&#8221;5%&#8221; over1366_under_1600_padding_right=&#8221;5%&#8221; over1600_padding_left=&#8221;20%&#8221; over1600_padding_right=&#8221;20%&#8221; css=&#8221;.vc_custom_1532512173800{padding-top: 72px !important;padding-right: 240px !important;padding-bottom: 72px !important;padding-left: 240px !important;}&#8221; offset=&#8221;vc_col-lg-6 vc_col-md-12 vc_col-xs-12&#8243; el_class=&#8221;text767-align-center&#8221;][vc_custom_heading text=&#8221;Por qu\u00ea a Real Pax?&#8221; font_container=&#8221;tag:div|font_size:32px|text_align:center|color:%23003751|line_height:32px&#8221; google_fonts=&#8221;font_family:Montserrat%3Aregular%2C700|font_style:700%20bold%20regular%3A700%3Anormal&#8221; css=&#8221;.vc_custom_1535571325078{margin-bottom: 48px !important;margin-left: 72px !important;padding-top: 8px !important;padding-right: 16px !important;padding-bottom: 8px !important;padding-left: 16px !important;}&#8221; el_class=&#8221;heading-display-inline-block title-hide-onlaptop&#8221;]<div class=\"et-content-box-wrapper\"><style>#et-content-box-3 .et-icon-wrap {border-radius:500px;}<\/style><div id=\"et-content-box-3\" class=\"et-content-box et-item-set et-clearfix hover-none small icon-position-left icon-alignment-left effect-type-sequential effect-none\" data-columns=\"1\"><div class=\"box-item-wrapper et-item et-box-item\"><style>#box-item-7 .et-icon-wrap {box-shadow:inset 0 0 0 4px #bbd646;}#box-item-7 .et-icon-wrap > .et-icon {color:#bbd646;}#box-item-7:hover .et-icon-wrap {box-shadow:inset 0 0 0 4px #212121;}#box-item-7:hover .et-icon-wrap > .et-icon {color:#212121;}<\/style><div id=\"box-item-7\"  class=\"box-item-inner et-item-inner\"><div class=\"box-item-content-wrapper et-clearfix\"><div class=\"et-icon-wrap full\"><span class=\"box-hover\" style=\"width:calc(100% - 8px);height:calc(100% - 8px);\" ><\/span><span class=\"glint\" style=\"background-color:#212121;\"><\/span><span class=\"et-icon fa fa-check\"><\/span><\/div><div class=\"clearfix\"><\/div><div class=\"box-item-content et-clearfix\">[vc_custom_heading text=&#8221;Funerais em todos os cemit\u00e9rios do RJ&#8221; font_container=&#8221;tag:h6|font_size:18px|text_align:left|color:%23212121|line_height:32px&#8221; use_theme_fonts=&#8221;yes&#8221; css=&#8221;.vc_custom_1535570855211{margin-bottom: 8px !important;}&#8221;][vc_custom_heading text=&#8221;Prestamos assist\u00eancias em todos os cemit\u00e9rios do Estado do Rio de Janeiro.&#8221; font_container=&#8221;tag:p|font_size:18px|text_align:left|color:%23616161|line_height:32px&#8221; use_theme_fonts=&#8221;yes&#8221;]<\/div><\/div><\/div><\/div><div class=\"box-item-wrapper et-item et-box-item\"><style>#box-item-8 .et-icon-wrap {box-shadow:inset 0 0 0 4px #bbd646;}#box-item-8 .et-icon-wrap > .et-icon {color:#bbd646;}#box-item-8:hover .et-icon-wrap {box-shadow:inset 0 0 0 4px #212121;}#box-item-8:hover .et-icon-wrap > .et-icon {color:#212121;}<\/style><div id=\"box-item-8\"  class=\"box-item-inner et-item-inner\"><div class=\"box-item-content-wrapper et-clearfix\"><div class=\"et-icon-wrap full\"><span class=\"box-hover\" style=\"width:calc(100% - 8px);height:calc(100% - 8px);\" ><\/span><span class=\"glint\" style=\"background-color:#212121;\"><\/span><span class=\"et-icon fa fa-check\"><\/span><\/div><div class=\"clearfix\"><\/div><div class=\"box-item-content et-clearfix\">[vc_custom_heading text=&#8221;Funerais em at\u00e9 12x sem juros.&#8221; font_container=&#8221;tag:h6|font_size:18px|text_align:left|color:%23212121|line_height:32px&#8221; use_theme_fonts=&#8221;yes&#8221; css=&#8221;.vc_custom_1535570962313{margin-bottom: 8px !important;}&#8221;][vc_custom_heading text=&#8221;Nas horas onde o carinho e o respeito s\u00e3o fundamentais, n\u00f3s facilitamos o atendimento funer\u00e1rio.&#8221; font_container=&#8221;tag:p|font_size:18px|text_align:left|color:%23616161|line_height:32px&#8221; use_theme_fonts=&#8221;yes&#8221;]<\/div><\/div><\/div><\/div><div class=\"box-item-wrapper et-item et-box-item\"><style>#box-item-9 .et-icon-wrap {box-shadow:inset 0 0 0 4px #bbd646;}#box-item-9 .et-icon-wrap > .et-icon {color:#bbd646;}#box-item-9:hover .et-icon-wrap {box-shadow:inset 0 0 0 4px #212121;}#box-item-9:hover .et-icon-wrap > .et-icon {color:#212121;}<\/style><div id=\"box-item-9\"  class=\"box-item-inner et-item-inner\"><div class=\"box-item-content-wrapper et-clearfix\"><div class=\"et-icon-wrap full\"><span class=\"box-hover\" style=\"width:calc(100% - 8px);height:calc(100% - 8px);\" ><\/span><span class=\"glint\" style=\"background-color:#212121;\"><\/span><span class=\"et-icon fa fa-check\"><\/span><\/div><div class=\"clearfix\"><\/div><div class=\"box-item-content et-clearfix\">[vc_custom_heading text=&#8221;Atendimento imediato em hospitais e domic\u00edlios.&#8221; font_container=&#8221;tag:h6|font_size:18px|text_align:left|color:%23212121|line_height:32px&#8221; use_theme_fonts=&#8221;yes&#8221; css=&#8221;.vc_custom_1535571146177{margin-bottom: 8px !important;}&#8221;][vc_custom_heading text=&#8221;Realizamos toda assist\u00eancia funer\u00e1ria em hospitais e domic\u00edlios.&#8221; font_container=&#8221;tag:p|font_size:18px|text_align:left|color:%23616161|line_height:32px&#8221; use_theme_fonts=&#8221;yes&#8221; css=&#8221;.vc_custom_1535571194532{margin-bottom: 0px !important;}&#8221;]<\/div><\/div><\/div><\/div><\/div><\/div>[\/vc_column][vc_column animation_delay=&#8221;0&#8243; offset=&#8221;vc_col-lg-6 vc_col-md-12 vc_col-xs-12&#8243; css=&#8221;.vc_custom_1532097113151{padding-top: 0px !important;}&#8221;]<div data-curtain=\"true\" data-preloader=\"false\" data-decoration=\"false\" data-decoration-size=\"small\" data-animation-delay=\"0\" data-parallax=\"false\" data-coordinatex=\"0\" data-coordinatey=\"0\" data-speed=\"1\" class=\"et-custom-image  alignnone overlay-none curtain-left\"><img width=\"1024\" height=\"768\" src=\"https:\/\/realpaxfuneraria.com.br\/realpax\/wp-content\/uploads\/2018\/08\/realpax-1.jpg\" alt=\"\"><div class=\"curtain\" style=\"background:#003751;\"><\/div><\/div>[\/vc_column][\/vc_row][vc_row gap=&#8221;40&#8243; content_placement=&#8221;middle&#8221; css=&#8221;.vc_custom_1532100510807{padding-top: 40px !important;padding-bottom: 40px !important;}&#8221;][vc_column animation_delay=&#8221;0&#8243; offset=&#8221;vc_col-lg-6 vc_col-md-12 vc_col-xs-12&#8243; css=&#8221;.vc_custom_1532100209167{padding-top: 0px !important;}&#8221;]<h6 class=\"et-highlight-title \" style=\"font-size:16px;font-weight:700;line-height:24px;letter-spacing:0.5px;color:#003751;\" data-mobile-font=\"inherit\" data-tablet-font=\"inherit\"><span class=\"title-inner\">Fale Conosco<span class=\"highlight-line\" style=\"background-color:#c7db56;\"><\/span><\/span><\/h6><h3 id=\"et-animated-title-2\" class=\"et-animated-title et-clearfix  words-direct\" data-mobile-font=\"32px\" data-tablet-font=\"inherit\" data-delay=\"100\" style=\"font-size:48px;font-weight:700;line-height:56px;color:#212121;\"><span class=\"text-wrapper\"><span class=\"text\">Deixe-nos ajud\u00e1-lo a encontrar uma solu\u00e7\u00e3o que atenda sua necessidade.<br \/>\n<\/span><\/span><\/h3><div class=\"gap et-clearfix \" style=\"height:24px\"><\/div>[vc_column_text css=&#8221;.vc_custom_1535989191237{margin-bottom: 0px !important;}&#8221;]Est\u00e1 interessado em nossos servi\u00e7os? Preencha o formul\u00e1rio e um de nossos consultores entrar\u00e1 em contato com voc\u00ea para sanar todas as d\u00favidas. Temos solu\u00e7\u00f5es personalizadas para cada tipo de situa\u00e7\u00e3o.[\/vc_column_text]<div class=\"gap et-clearfix \" style=\"height:24px\"><\/div>[vc_custom_heading text=&#8221;Assist\u00eancia funeral 24h.&#8221; font_container=&#8221;tag:h6|font_size:18px|text_align:left|color:%23003751|line_height:32px&#8221; use_theme_fonts=&#8221;yes&#8221; css=&#8221;.vc_custom_1535756906586{margin-bottom: 0px !important;}&#8221;]<ul class=\"et-list-icon  small\"><li ><div class=\"icon-wrap\"><div class=\"icon small\" style=\"color:#003751;\"><span class=\"small fa fa-phone\"><\/span><\/div><\/div><div><a href=\"tel:+552133909048\">Tel.: (21) 3390-9048 <\/a><\/div><\/li><li ><div class=\"icon-wrap\"><div class=\"icon small\" style=\"color:#003751;\"><span class=\"small fa fa-phone\"><\/span><\/div><\/div><div><a href=\"tel:+552133900236\">Tel.: (21) 3390-0236 <\/a><\/div><\/li><li ><div class=\"icon-wrap\"><div class=\"icon small\" style=\"color:#003751;\"><span class=\"small fa fa-phone\"><\/span><\/div><\/div><div><a href=\"tel:+552130390474\">Tel.: (21) 3039-0474 <\/a><\/div><\/li><li ><div class=\"icon-wrap\"><div class=\"icon small\" style=\"color:#003751;\"><span class=\"small fa fa-phone\"><\/span><\/div><\/div><div><a href=\"tel:0800 703 6661\">Central: 0800 703 6661<\/a><\/div><\/li><\/ul>[\/vc_column][vc_column animation_delay=&#8221;0&#8243; offset=&#8221;vc_col-lg-6 vc_col-md-12 vc_col-xs-12&#8243; css=&#8221;.vc_custom_1532100542508{padding-top: 0px !important;}&#8221; el_class=&#8221;contact-form-button-full&#8221;]<div class=\"gap et-clearfix hide1279\" style=\"height:80px\"><\/div><div role=\"form\" class=\"wpcf7\" id=\"wpcf7-f13972-o1\" lang=\"en-US\" dir=\"ltr\">\n<div class=\"screen-reader-response\"><p role=\"status\" aria-live=\"polite\" aria-atomic=\"true\"><\/p> <ul><\/ul><\/div>\n<form action=\"\/realpax\/wp-json\/wp\/v2\/pages\/3389#wpcf7-f13972-o1\" method=\"post\" class=\"wpcf7-form init\" novalidate=\"novalidate\" data-status=\"init\">\n<div style=\"display: none;\">\n<input type=\"hidden\" name=\"_wpcf7\" value=\"13972\" \/>\n<input type=\"hidden\" name=\"_wpcf7_version\" value=\"5.5.6\" \/>\n<input type=\"hidden\" name=\"_wpcf7_locale\" value=\"en_US\" \/>\n<input type=\"hidden\" name=\"_wpcf7_unit_tag\" value=\"wpcf7-f13972-o1\" \/>\n<input type=\"hidden\" name=\"_wpcf7_container_post\" value=\"0\" \/>\n<input type=\"hidden\" name=\"_wpcf7_posted_data_hash\" value=\"\" \/>\n<\/div>\n<p><span class=\"wpcf7-form-control-wrap selecionado\"><select name=\"selecionado\" class=\"wpcf7-form-control wpcf7-select wpcf7-validates-as-required\" aria-required=\"true\" aria-invalid=\"false\"><option value=\"\">---<\/option><option value=\"D\u00favidas\">D\u00favidas<\/option><option value=\"Plano Funeral\">Plano Funeral<\/option><option value=\"Funeral\">Funeral<\/option><option value=\"Crema\u00e7\u00e3o\">Crema\u00e7\u00e3o<\/option><option value=\"Registro\">Registro<\/option><option value=\"Translado\">Translado<\/option><option value=\"Remo\u00e7\u00e3o\">Remo\u00e7\u00e3o<\/option><\/select><\/span><br \/>\n<span class=\"wpcf7-form-control-wrap nome\"><input type=\"text\" name=\"nome\" value=\"\" size=\"40\" class=\"wpcf7-form-control wpcf7-text wpcf7-validates-as-required\" aria-required=\"true\" aria-invalid=\"false\" placeholder=\"Seu nome*\" \/><\/span><br \/>\n<span class=\"wpcf7-form-control-wrap Telefone\"><input type=\"tel\" name=\"Telefone\" value=\"\" size=\"40\" class=\"wpcf7-form-control wpcf7-text wpcf7-tel wpcf7-validates-as-required wpcf7-validates-as-tel\" aria-required=\"true\" aria-invalid=\"false\" placeholder=\"Seu Telefone*\" \/><\/span><br \/>\n<span class=\"wpcf7-form-control-wrap email\"><input type=\"email\" name=\"email\" value=\"\" size=\"40\" class=\"wpcf7-form-control wpcf7-text wpcf7-email wpcf7-validates-as-required wpcf7-validates-as-email\" aria-required=\"true\" aria-invalid=\"false\" placeholder=\"Seu email*\" \/><\/span><br \/>\n<span class=\"wpcf7-form-control-wrap mensagem\"><textarea name=\"mensagem\" cols=\"40\" rows=\"10\" class=\"wpcf7-form-control wpcf7-textarea\" aria-invalid=\"false\" placeholder=\"Mensagem\"><\/textarea><\/span><br \/>\n<input type=\"submit\" value=\"Enviar Mensagem\" class=\"wpcf7-form-control has-spinner wpcf7-submit\" \/><\/p>\n<p style=\"display: none !important;\"><label>&#916;<textarea name=\"_wpcf7_ak_hp_textarea\" cols=\"45\" rows=\"8\" maxlength=\"100\"><\/textarea><\/label><input type=\"hidden\" id=\"ak_js_1\" name=\"_wpcf7_ak_js\" value=\"182\"\/><script>document.getElementById( \"ak_js_1\" ).setAttribute( \"value\", ( new Date() ).getTime() );<\/script><\/p><div class=\"wpcf7-response-output\" aria-hidden=\"true\"><\/div><\/form><\/div>[\/vc_column][\/vc_row]<\/p>\n","protected":false},"excerpt":{"rendered":"<p>Leverage agile frameworks to provide a robust synopsis for high level overviews. Iterative approaches to corporate strategy foster collaborative thinking to further the overall value proposition. Organically grow the holistic world view of disruptive innovation via workplace diversity and empowerment.<\/p>\n","protected":false},"author":1,"featured_media":0,"parent":0,"menu_order":0,"comment_status":"closed","ping_status":"closed","template":"page-vc.php","meta":[],"_links":{"self":[{"href":"https:\/\/realpaxfuneraria.com.br\/realpax\/wp-json\/wp\/v2\/pages\/3389"}],"collection":[{"href":"https:\/\/realpaxfuneraria.com.br\/realpax\/wp-json\/wp\/v2\/pages"}],"about":[{"href":"https:\/\/realpaxfuneraria.com.br\/realpax\/wp-json\/wp\/v2\/types\/page"}],"author":[{"embeddable":true,"href":"https:\/\/realpaxfuneraria.com.br\/realpax\/wp-json\/wp\/v2\/users\/1"}],"replies":[{"embeddable":true,"href":"https:\/\/realpaxfuneraria.com.br\/realpax\/wp-json\/wp\/v2\/comments?post=3389"}],"version-history":[{"count":32,"href":"https:\/\/realpaxfuneraria.com.br\/realpax\/wp-json\/wp\/v2\/pages\/3389\/revisions"}],"predecessor-version":[{"id":14493,"href":"https:\/\/realpaxfuneraria.com.br\/realpax\/wp-json\/wp\/v2\/pages\/3389\/revisions\/14493"}],"wp:attachment":[{"href":"https:\/\/realpaxfuneraria.com.br\/realpax\/wp-json\/wp\/v2\/media?parent=3389"}],"curies":[{"name":"wp","href":"https:\/\/api.w.org\/{rel}","templated":true}]}}