{"id":14186,"date":"2018-09-04T11:37:23","date_gmt":"2018-09-04T14:37:23","guid":{"rendered":"http:\/\/realpaxfuneraria.com.br\/realpax\/?page_id=14186"},"modified":"2018-09-04T12:54:19","modified_gmt":"2018-09-04T15:54:19","slug":"cemiterio","status":"publish","type":"page","link":"https:\/\/realpaxfuneraria.com.br\/realpax\/cemiterio\/","title":{"rendered":"Cemit\u00e9rios"},"content":{"rendered":"<p>[vc_section][vc_row gap=&#8221;80&#8243; content_placement=&#8221;top&#8221; css_animation=&#8221;fadeIn&#8221; css=&#8221;.vc_custom_1536076418288{padding-top: 40px !important;padding-bottom: 64px !important;}&#8221;][vc_column animation_delay=&#8221;0&#8243; offset=&#8221;vc_col-lg-6 vc_col-md-6 vc_col-xs-12&#8243;]<h6 class=\"et-highlight-title \" style=\"font-size:14px;font-weight:700;line-height:24px;letter-spacing:0.5px;color:#003751;\" data-mobile-font=\"inherit\" data-tablet-font=\"inherit\"><span class=\"title-inner\">Real Pax<span class=\"highlight-line\" style=\"background-color:#c3da56;\"><\/span><\/span><\/h6><h3 id=\"et-animated-title-1\" class=\"et-animated-title et-clearfix  words-direct\" data-mobile-font=\"32px\" data-tablet-font=\"inherit\" data-delay=\"100\" style=\"font-size:48px;font-weight:700;line-height:56px;color:#212121;\"><span class=\"text-wrapper\"><span class=\"text\">Cemit\u00e9rios <span class=\"highlight\" style=\"color: #003751;\">Atendidos<\/span> <\/span><\/span><\/h3><div class=\"gap et-clearfix \" style=\"height:56px\"><\/div>[vc_custom_heading text=&#8221;Como permission\u00e1ria municipal atendemos em todos os cemit\u00e9rios do munic\u00edpio do RJ e Grande RJ, abaixo listamos alguns:&#8221; font_container=&#8221;tag:p|font_size:24px|text_align:left|line_height:32px&#8221; use_theme_fonts=&#8221;yes&#8221;]<div class=\"gap et-clearfix \" style=\"height:56px\"><\/div><ul class=\"et-list-icon  small\"><li ><div class=\"icon-wrap\"><div class=\"icon small\" style=\"color:#003751;\"><span class=\"small fas fa-check\"><\/span><\/div><\/div><div>S\u00e3o Jo\u00e3o Batista<\/div><\/li><li ><div class=\"icon-wrap\"><div class=\"icon small\" style=\"color:#003751;\"><span class=\"small fas fa-check\"><\/span><\/div><\/div><div>Cemit\u00e9rio da Penit\u00eancia<\/div><\/li><li ><div class=\"icon-wrap\"><div class=\"icon small\" style=\"color:#003751;\"><span class=\"small fas fa-check\"><\/span><\/div><\/div><div>Ordem 3\u00aa do Carmo &#8211; Vertical<\/div><\/li><li ><div class=\"icon-wrap\"><div class=\"icon small\" style=\"color:#003751;\"><span class=\"small fas fa-check\"><\/span><\/div><\/div><div>Jardim da Saudade \u2013 Sulacap e Paci\u00eancia<\/div><\/li><li ><div class=\"icon-wrap\"><div class=\"icon small\" style=\"color:#003751;\"><span class=\"small fas fa-check\"><\/span><\/div><\/div><div>Memorial do Rio<\/div><\/li><li ><div class=\"icon-wrap\"><div class=\"icon small\" style=\"color:#003751;\"><span class=\"small fas fa-check\"><\/span><\/div><\/div><div>S\u00e3o Francisco Xavier (Caju)<\/div><\/li><li ><div class=\"icon-wrap\"><div class=\"icon small\" style=\"color:#003751;\"><span class=\"small fas fa-check\"><\/span><\/div><\/div><div>Inha\u00fama<\/div><\/li><li ><div class=\"icon-wrap\"><div class=\"icon small\" style=\"color:#003751;\"><span class=\"small fas fa-check\"><\/span><\/div><\/div><div>Iraj\u00e1<\/div><\/li><li ><div class=\"icon-wrap\"><div class=\"icon small\" style=\"color:#003751;\"><span class=\"small fas fa-check\"><\/span><\/div><\/div><div>S\u00e3o Francisco de Paula (Catumbi)<\/div><\/li><li ><div class=\"icon-wrap\"><div class=\"icon small\" style=\"color:#003751;\"><span class=\"small fas fa-check\"><\/span><\/div><\/div><div>Ilha do Governador (Cacuia)<\/div><\/li><li ><div class=\"icon-wrap\"><div class=\"icon small\" style=\"color:#003751;\"><span class=\"small fas fa-check\"><\/span><\/div><\/div><div>Campo Grande<\/div><\/li><li ><div class=\"icon-wrap\"><div class=\"icon small\" style=\"color:#003751;\"><span class=\"small fas fa-check\"><\/span><\/div><\/div><div>Guaratiba<\/div><\/li><li ><div class=\"icon-wrap\"><div class=\"icon small\" style=\"color:#003751;\"><span class=\"small fas fa-check\"><\/span><\/div><\/div><div>Realengo (Murundu)<\/div><\/li><li ><div class=\"icon-wrap\"><div class=\"icon small\" style=\"color:#003751;\"><span class=\"small fas fa-check\"><\/span><\/div><\/div><div>Paquet\u00e1<\/div><\/li><li ><div class=\"icon-wrap\"><div class=\"icon small\" style=\"color:#003751;\"><span class=\"small fas fa-check\"><\/span><\/div><\/div><div>Jacarepagu\u00e1 (Pechincha)<\/div><\/li><li ><div class=\"icon-wrap\"><div class=\"icon small\" style=\"color:#003751;\"><span class=\"small fas fa-check\"><\/span><\/div><\/div><div>Piabas<\/div><\/li><li ><div class=\"icon-wrap\"><div class=\"icon small\" style=\"color:#003751;\"><span class=\"small fas fa-check\"><\/span><\/div><\/div><div>Ricardo de Albuquerque<\/div><\/li><li ><div class=\"icon-wrap\"><div class=\"icon small\" style=\"color:#003751;\"><span class=\"small fas fa-check\"><\/span><\/div><\/div><div>Santa Cruz<\/div><\/li><\/ul>[\/vc_column][vc_column animation_delay=&#8221;0&#8243; offset=&#8221;vc_col-lg-6 vc_col-md-6 vc_col-xs-12&#8243;]<div data-curtain=\"false\" data-preloader=\"false\" data-decoration=\"false\" data-decoration-size=\"small\" data-animation-delay=\"0\" data-parallax=\"false\" data-coordinatex=\"0\" data-coordinatey=\"0\" data-speed=\"1\" class=\"et-custom-image  alignnone overlay-none curtain-left\"><div class=\"overlay-hover\"><div class=\"image\"><div class=\"image-container\"><img width=\"800\" height=\"534\" src=\"https:\/\/realpaxfuneraria.com.br\/realpax\/wp-content\/uploads\/2018\/09\/FUNERAL-ASPRA.jpg\" alt=\"\"><\/div><\/div><\/div><\/div>[\/vc_column][\/vc_row][\/vc_section][vc_row][vc_column][\/vc_column][\/vc_row]<\/p>\n","protected":false},"excerpt":{"rendered":"<p>Leverage agile frameworks to provide a robust synopsis for high level overviews. Iterative approaches to corporate strategy foster collaborative thinking to further the overall value proposition. Organically grow the holistic world view of disruptive innovation via workplace diversity and empowerment.<\/p>\n","protected":false},"author":1,"featured_media":0,"parent":0,"menu_order":0,"comment_status":"closed","ping_status":"closed","template":"page-vc.php","meta":[],"_links":{"self":[{"href":"https:\/\/realpaxfuneraria.com.br\/realpax\/wp-json\/wp\/v2\/pages\/14186"}],"collection":[{"href":"https:\/\/realpaxfuneraria.com.br\/realpax\/wp-json\/wp\/v2\/pages"}],"about":[{"href":"https:\/\/realpaxfuneraria.com.br\/realpax\/wp-json\/wp\/v2\/types\/page"}],"author":[{"embeddable":true,"href":"https:\/\/realpaxfuneraria.com.br\/realpax\/wp-json\/wp\/v2\/users\/1"}],"replies":[{"embeddable":true,"href":"https:\/\/realpaxfuneraria.com.br\/realpax\/wp-json\/wp\/v2\/comments?post=14186"}],"version-history":[{"count":4,"href":"https:\/\/realpaxfuneraria.com.br\/realpax\/wp-json\/wp\/v2\/pages\/14186\/revisions"}],"predecessor-version":[{"id":14339,"href":"https:\/\/realpaxfuneraria.com.br\/realpax\/wp-json\/wp\/v2\/pages\/14186\/revisions\/14339"}],"wp:attachment":[{"href":"https:\/\/realpaxfuneraria.com.br\/realpax\/wp-json\/wp\/v2\/media?parent=14186"}],"curies":[{"name":"wp","href":"https:\/\/api.w.org\/{rel}","templated":true}]}}