{"id":14065,"date":"2018-08-31T14:39:53","date_gmt":"2018-08-31T17:39:53","guid":{"rendered":"http:\/\/realpaxfuneraria.com.br\/realpax\/?page_id=14065"},"modified":"2018-09-10T09:31:57","modified_gmt":"2018-09-10T12:31:57","slug":"cremacao","status":"publish","type":"page","link":"https:\/\/realpaxfuneraria.com.br\/realpax\/cremacao\/","title":{"rendered":"Crema\u00e7\u00e3o"},"content":{"rendered":"<p>[vc_row gap=&#8221;80&#8243; css=&#8221;.vc_custom_1530533604775{padding-top: 40px !important;padding-bottom: 40px !important;}&#8221;][vc_column width=&#8221;1\/2&#8243;]<h3 id=\"et-animated-title-1\" class=\"et-animated-title et-clearfix  words-direct\" data-mobile-font=\"24px\" data-tablet-font=\"32px\" data-delay=\"\" style=\"font-size:48px;font-weight:700;line-height:56px;color:#212121;\"><span class=\"text-wrapper\"><span class=\"text\">Crema\u00e7\u00e3o<\/span><\/span><\/h3><div class=\"gap et-clearfix \" style=\"height:2px\"><\/div><h3 id=\"et-animated-title-2\" class=\"et-animated-title et-clearfix  letter-direct\" data-mobile-font=\"inherit\" data-tablet-font=\"inherit\" data-delay=\"200\" style=\"font-size:24px;font-weight:700;line-height:32px;color:#003751;\"><span class=\"text-wrapper\"><span class=\"text\">Solu\u00e7\u00e3o f\u00e1cil nas horas mais dif\u00edceis.<\/span><\/span><\/h3><div class=\"gap et-clearfix \" style=\"height:32px\"><\/div><div class=\"et-simple-braket-block-wrapper\"><style>#et-simple-braket-block-1 .braket-text {font-size:20px;font-weight:400;line-height:32px;}#et-simple-braket-block-1 .braket > div  {background-color:#003751;}<\/style><div id=\"et-simple-braket-block-1\" class=\"et-simple-braket-block \"><div class=\"braket\"><div><\/div><div><\/div><div><\/div><\/div><div class=\"braket-text\" data-mobile-font=\"inherit\" data-tablet-font=\"inherit\">A melhor assist\u00eancia funeral do Rio de Janeiro.&lt;br \/&gt;\nContamos com uma equipe altamente qualificada.<\/div><\/div><\/div><div class=\"gap et-clearfix \" style=\"height:32px\"><\/div>[\/vc_column][vc_column animation_delay=&#8221;0&#8243; width=&#8221;1\/2&#8243; css=&#8221;.vc_custom_1530279884745{border-left-width: 1px !important;padding-left: 20% !important;border-left-color: #e0e0e0 !important;border-left-style: solid !important;border-radius: 1px !important;}&#8221; el_class=&#8221;et-element-column-with-border-left&#8221;]<div data-curtain=\"false\" data-preloader=\"false\" data-decoration=\"false\" data-decoration-size=\"small\" data-animation-delay=\"0\" data-parallax=\"false\" data-coordinatex=\"0\" data-coordinatey=\"0\" data-speed=\"1\" class=\"et-custom-image  alignnone overlay-none curtain-left\"><div class=\"overlay-hover\"><div class=\"image\"><div class=\"image-container\"><img width=\"1600\" height=\"1067\" src=\"https:\/\/realpaxfuneraria.com.br\/realpax\/wp-content\/uploads\/2018\/08\/CREMACAO.jpg\" alt=\"\"><\/div><\/div><\/div><\/div>[\/vc_column][\/vc_row][vc_row][vc_column][vc_column_text]A crema\u00e7\u00e3o \u00e9 um processo individual e irrevers\u00edvel de incinera\u00e7\u00e3o de restos mortais humanos, que atrav\u00e9s de um instrumento mec\u00e2nico reduz os restos mortais humanos a cinzas por meio de inser\u00e7\u00e3o de calor. Para tanto submete os corpos a temperaturas alt\u00edssimas \u2013 at\u00e9 1.250\u00b0C.<\/p>\n<p>A REAL PAX Assist\u00eancia funeral coloca a sua disposi\u00e7\u00e3o uma equipe especializada que cuida de todos os detalhes. A experi\u00eancia no setor nos qualifica como uma das empresas mais competentes para a execu\u00e7\u00e3o do servi\u00e7o de crema\u00e7\u00e3o, com alto padr\u00e3o de qualidade, proporcionando \u00e0 fam\u00edlia a tranquilidade necess\u00e1ria neste momento t\u00e3o dif\u00edcil.[\/vc_column_text][\/vc_column][\/vc_row][vc_row full_width=&#8221;stretch_row&#8221; gap=&#8221;40&#8243; css=&#8221;.vc_custom_1532432847647{padding-top: 96px !important;padding-bottom: 72px !important;background-color: #f5f5f5 !important;}&#8221;][vc_column animation_delay=&#8221;0&#8243; css_animation=&#8221;bottom-to-top&#8221; css=&#8221;.vc_custom_1532433578210{padding-top: 40px !important;padding-right: 40px !important;padding-bottom: 40px !important;padding-left: 40px !important;background-color: #ffffff !important;}&#8221; el_class=&#8221;text-align-center&#8221; offset=&#8221;vc_col-lg-4 vc_col-md-4 vc_col-xs-12&#8243;]<div class=\"et-el-icon medium full\" style=\"color:#003751;box-shadow:inset 0 0 0 4px #003751;border-radius:500px;\"><span class=\"el-icon fa fa-check animate-false\"><\/span><\/div><div class=\"gap et-clearfix \" style=\"height:16px\"><\/div>[vc_column_text css=&#8221;.vc_custom_1535736299078{margin-bottom: 0px !important;}&#8221;]<\/p>\n<p style=\"text-align: center; font-size: 18px; line-height: 32px;\">Funerais em todos os cemit\u00e9rios do RJ. Prestamos assist\u00eancias em todos os cemit\u00e9rios do Estado do Rio de Janeiro.<\/p>\n<p>[\/vc_column_text][\/vc_column][vc_column animation_delay=&#8221;150&#8243; css_animation=&#8221;bottom-to-top&#8221; el_class=&#8221;text-align-center&#8221; css=&#8221;.vc_custom_1532433590054{padding-top: 40px !important;padding-right: 40px !important;padding-bottom: 40px !important;padding-left: 40px !important;background-color: #ffffff !important;}&#8221; offset=&#8221;vc_col-lg-4 vc_col-md-4 vc_col-xs-12&#8243;]<div class=\"et-el-icon medium full\" style=\"color:#003751;box-shadow:inset 0 0 0 4px #003751;border-radius:500px;\"><span class=\"el-icon fa fa-check animate-false\"><\/span><\/div><div class=\"gap et-clearfix \" style=\"height:16px\"><\/div>[vc_column_text css=&#8221;.vc_custom_1535736462512{margin-bottom: 0px !important;}&#8221;]<\/p>\n<p style=\"text-align: center; font-size: 18px; line-height: 32px;\">Atendimento imediato em hospitais e domic\u00edlios 24h<\/p>\n<p>[\/vc_column_text][\/vc_column][vc_column animation_delay=&#8221;300&#8243; css_animation=&#8221;bottom-to-top&#8221; css=&#8221;.vc_custom_1532433601236{padding-top: 40px !important;padding-right: 40px !important;padding-bottom: 40px !important;padding-left: 40px !important;background-color: #ffffff !important;}&#8221; el_class=&#8221;text-align-center&#8221; offset=&#8221;vc_col-lg-4 vc_col-md-4 vc_col-xs-12&#8243;]<div class=\"et-el-icon medium full\" style=\"color:#003751;box-shadow:inset 0 0 0 4px #003751;border-radius:500px;\"><span class=\"el-icon fa fa-check animate-false\"><\/span><\/div><div class=\"gap et-clearfix \" style=\"height:16px\"><\/div>[vc_column_text css=&#8221;.vc_custom_1535736281610{margin-bottom: 0px !important;}&#8221;]<\/p>\n<p style=\"text-align: center; font-size: 18px; line-height: 32px;\">Parcelamos em at\u00e9 12x sem juros. Nas horas onde o carinho e o respeito s\u00e3o fundamentais, n\u00f3s facilitamos o atendimento funer\u00e1rio.<\/p>\n<p>[\/vc_column_text][\/vc_column][\/vc_row][vc_row full_width=&#8221;stretch_row_content&#8221; gap=&#8221;0&#8243;][vc_column]<div class=\"map\" id=\"gmap-1\" data-animate=\"true\" data-x1=\"-22.866356\" data-x2=\"-22.839748\" data-x3=\"-22.8155707\" data-x4=\"-22.84212\" data-y1=\"-43.3730959\" data-y2=\"-43.378144\" data-y3=\"-43.4127393\" data-y4=\"-43.3356591\" data-title1=\"Marechal Hermes\" data-title2=\"Guadalupe - RJ\" data-title3=\"Nil\u00f3polis - RJ\" data-title4=\"Inha\u00fama - RJ\" data-content1=\"R. Gravata, 13 - Mal. Hermes,&lt;br \/&gt;Rio de Janeiro - RJ, 21610-510\" data-content2=\"R. Marcos de Macedo, 154 - Guadalupe&lt;br \/&gt;Rio de Janeiro - RJ, 21660-020\" data-content3=\"Av. Get\u00falio Vargas, 536 - Centro&lt;br \/&gt;Nil\u00f3polis - RJ, 26510-014\" data-content4=\"Av. Martin Luther King Jr., 1650, Inha\u00fama&lt;br \/&gt;Rio de Janeiro - RJ, 20765-000\"  data-type=\"roadmap\" data-zoom=\"11\" data-marker=\"https:\/\/realpaxfuneraria.com.br\/realpax\/wp-content\/themes\/globax\/images\/marker.png\" style=\"width:100%;height:720px;\"><\/div>[\/vc_column][\/vc_row][vc_row][vc_column][\/vc_column][\/vc_row]<\/p>\n","protected":false},"excerpt":{"rendered":"<p>Leverage agile frameworks to provide a robust synopsis for high level overviews. Iterative approaches to corporate strategy foster collaborative thinking to further the overall value proposition. Organically grow the holistic world view of disruptive innovation via workplace diversity and empowerment.<\/p>\n","protected":false},"author":1,"featured_media":0,"parent":0,"menu_order":0,"comment_status":"closed","ping_status":"closed","template":"page-vc.php","meta":[],"_links":{"self":[{"href":"https:\/\/realpaxfuneraria.com.br\/realpax\/wp-json\/wp\/v2\/pages\/14065"}],"collection":[{"href":"https:\/\/realpaxfuneraria.com.br\/realpax\/wp-json\/wp\/v2\/pages"}],"about":[{"href":"https:\/\/realpaxfuneraria.com.br\/realpax\/wp-json\/wp\/v2\/types\/page"}],"author":[{"embeddable":true,"href":"https:\/\/realpaxfuneraria.com.br\/realpax\/wp-json\/wp\/v2\/users\/1"}],"replies":[{"embeddable":true,"href":"https:\/\/realpaxfuneraria.com.br\/realpax\/wp-json\/wp\/v2\/comments?post=14065"}],"version-history":[{"count":6,"href":"https:\/\/realpaxfuneraria.com.br\/realpax\/wp-json\/wp\/v2\/pages\/14065\/revisions"}],"predecessor-version":[{"id":14381,"href":"https:\/\/realpaxfuneraria.com.br\/realpax\/wp-json\/wp\/v2\/pages\/14065\/revisions\/14381"}],"wp:attachment":[{"href":"https:\/\/realpaxfuneraria.com.br\/realpax\/wp-json\/wp\/v2\/media?parent=14065"}],"curies":[{"name":"wp","href":"https:\/\/api.w.org\/{rel}","templated":true}]}}