{"id":13902,"date":"2018-08-29T11:26:47","date_gmt":"2018-08-29T14:26:47","guid":{"rendered":"http:\/\/realpaxfuneraria.com.br\/realpax\/?page_id=13902"},"modified":"2023-07-24T15:13:21","modified_gmt":"2023-07-24T18:13:21","slug":"contato","status":"publish","type":"page","link":"https:\/\/realpaxfuneraria.com.br\/realpax\/contato\/","title":{"rendered":"Contato"},"content":{"rendered":"<p>[vc_row][vc_column]<h3 id=\"et-animated-title-1\" class=\"et-animated-title et-clearfix  words-direct\" data-mobile-font=\"24px\" data-tablet-font=\"32px\" data-delay=\"\" style=\"font-size:48px;font-weight:700;line-height:56px;color:#212121;\"><span class=\"text-wrapper\"><span class=\"text\">Entre em contato<\/span><\/span><\/h3><div class=\"gap et-clearfix \" style=\"height:2px\"><\/div><h3 id=\"et-animated-title-2\" class=\"et-animated-title et-clearfix  letter-direct\" data-mobile-font=\"inherit\" data-tablet-font=\"inherit\" data-delay=\"200\" style=\"font-size:24px;font-weight:700;line-height:32px;color:#003751;\"><span class=\"text-wrapper\"><span class=\"text\">Atendimento 24h.<\/span><\/span><\/h3>[\/vc_column][\/vc_row][vc_row css=&#8221;.vc_custom_1532443613873{padding-top: 96px !important;padding-bottom: 24px !important;}&#8221;][vc_column width=&#8221;1\/4&#8243;]<h4 class=\"et-highlight-title \" style=\"font-size:30pxpx;font-weight:700;line-height:24px;letter-spacing:0.5px;color:#003751;\" data-mobile-font=\"inherit\" data-tablet-font=\"inherit\"><span class=\"title-inner\">Outros Contatos<span class=\"highlight-line\" style=\"background-color:#c7db56;\"><\/span><\/span><\/h4>[vc_empty_space height=&#8221;40px&#8221;]<ul class=\"et-list-icon  small\"><li ><div class=\"icon-wrap\"><div class=\"icon small\" style=\"color:#003751;\"><span class=\"small fa fa-envelope\"><\/span><\/div><\/div><div><a href=\"mailto:atendimento@realpax.com.br\">atendimento@realpax.com.br<\/a><\/div><\/li><\/ul><ul class=\"et-list-icon  small\"><li ><div class=\"icon-wrap\"><div class=\"icon small\" style=\"color:#003751;\"><span class=\"small fa fa-phone\"><\/span><\/div><\/div><div><a href=\"tel:+552133909048\">Tel.: (21) 3390-9048 <\/a><\/div><\/li><li ><div class=\"icon-wrap\"><div class=\"icon small\" style=\"color:#003751;\"><span class=\"small fa fa-phone\"><\/span><\/div><\/div><div><a href=\"tel:+552133900236\">Tel.: (21) 3390-0236 <\/a><\/div><\/li><li ><div class=\"icon-wrap\"><div class=\"icon small\" style=\"color:#003751;\"><span class=\"small fa fa-phone\"><\/span><\/div><\/div><div><a href=\"tel:+552130390474\">Tel.: (21) 3039-0474 <\/a><\/div><\/li><li ><div class=\"icon-wrap\"><div class=\"icon small\" style=\"color:#003751;\"><span class=\"small fa fa-phone\"><\/span><\/div><\/div><div><a href=\"tel:0800 703 6661\">Central: 0800 703 6661<\/a><\/div><\/li><\/ul><ul class=\"et-list-icon  small\"><li ><div class=\"icon-wrap\"><div class=\"icon small\" style=\"color:#003751;\"><span class=\"small fab fa-whatsapp\"><\/span><\/div><\/div><div><a href=\"https:\/\/wa.link\/8kva0b\">WhatsApp: 0800 703 0236<\/a><\/div><\/li><\/ul>[\/vc_column][vc_column animation_delay=&#8221;0&#8243; width=&#8221;3\/4&#8243; el_class=&#8221;contact-form-button-full&#8221;]<div role=\"form\" class=\"wpcf7\" id=\"wpcf7-f13972-o1\" lang=\"en-US\" dir=\"ltr\">\n<div class=\"screen-reader-response\"><p role=\"status\" aria-live=\"polite\" aria-atomic=\"true\"><\/p> <ul><\/ul><\/div>\n<form action=\"\/realpax\/wp-json\/wp\/v2\/pages\/13902#wpcf7-f13972-o1\" method=\"post\" class=\"wpcf7-form init\" novalidate=\"novalidate\" data-status=\"init\">\n<div style=\"display: none;\">\n<input type=\"hidden\" name=\"_wpcf7\" value=\"13972\" \/>\n<input type=\"hidden\" name=\"_wpcf7_version\" value=\"5.5.6\" \/>\n<input type=\"hidden\" name=\"_wpcf7_locale\" value=\"en_US\" \/>\n<input type=\"hidden\" name=\"_wpcf7_unit_tag\" value=\"wpcf7-f13972-o1\" \/>\n<input type=\"hidden\" name=\"_wpcf7_container_post\" value=\"0\" \/>\n<input type=\"hidden\" name=\"_wpcf7_posted_data_hash\" value=\"\" \/>\n<\/div>\n<p><span class=\"wpcf7-form-control-wrap selecionado\"><select name=\"selecionado\" class=\"wpcf7-form-control wpcf7-select wpcf7-validates-as-required\" aria-required=\"true\" aria-invalid=\"false\"><option value=\"\">---<\/option><option value=\"D\u00favidas\">D\u00favidas<\/option><option value=\"Plano Funeral\">Plano Funeral<\/option><option value=\"Funeral\">Funeral<\/option><option value=\"Crema\u00e7\u00e3o\">Crema\u00e7\u00e3o<\/option><option value=\"Registro\">Registro<\/option><option value=\"Translado\">Translado<\/option><option value=\"Remo\u00e7\u00e3o\">Remo\u00e7\u00e3o<\/option><\/select><\/span><br \/>\n<span class=\"wpcf7-form-control-wrap nome\"><input type=\"text\" name=\"nome\" value=\"\" size=\"40\" class=\"wpcf7-form-control wpcf7-text wpcf7-validates-as-required\" aria-required=\"true\" aria-invalid=\"false\" placeholder=\"Seu nome*\" \/><\/span><br \/>\n<span class=\"wpcf7-form-control-wrap Telefone\"><input type=\"tel\" name=\"Telefone\" value=\"\" size=\"40\" class=\"wpcf7-form-control wpcf7-text wpcf7-tel wpcf7-validates-as-required wpcf7-validates-as-tel\" aria-required=\"true\" aria-invalid=\"false\" placeholder=\"Seu Telefone*\" \/><\/span><br \/>\n<span class=\"wpcf7-form-control-wrap email\"><input type=\"email\" name=\"email\" value=\"\" size=\"40\" class=\"wpcf7-form-control wpcf7-text wpcf7-email wpcf7-validates-as-required wpcf7-validates-as-email\" aria-required=\"true\" aria-invalid=\"false\" placeholder=\"Seu email*\" \/><\/span><br \/>\n<span class=\"wpcf7-form-control-wrap mensagem\"><textarea name=\"mensagem\" cols=\"40\" rows=\"10\" class=\"wpcf7-form-control wpcf7-textarea\" aria-invalid=\"false\" placeholder=\"Mensagem\"><\/textarea><\/span><br \/>\n<input type=\"submit\" value=\"Enviar Mensagem\" class=\"wpcf7-form-control has-spinner wpcf7-submit\" \/><\/p>\n<p style=\"display: none !important;\"><label>&#916;<textarea name=\"_wpcf7_ak_hp_textarea\" cols=\"45\" rows=\"8\" maxlength=\"100\"><\/textarea><\/label><input type=\"hidden\" id=\"ak_js_1\" name=\"_wpcf7_ak_js\" value=\"145\"\/><script>document.getElementById( \"ak_js_1\" ).setAttribute( \"value\", ( new Date() ).getTime() );<\/script><\/p><div class=\"wpcf7-response-output\" aria-hidden=\"true\"><\/div><\/form><\/div>[\/vc_column][\/vc_row][vc_row full_width=&#8221;stretch_row_content&#8221; gap=&#8221;48&#8243;][vc_column width=&#8221;1\/4&#8243;][vc_row_inner el_class=&#8221;titulo-lojas&#8221;][vc_column_inner]<div data-curtain=\"false\" data-preloader=\"false\" data-decoration=\"false\" data-decoration-size=\"small\" data-animation-delay=\"0\" data-parallax=\"false\" data-coordinatex=\"0\" data-coordinatey=\"0\" data-speed=\"1\" class=\"et-custom-image icon-titulo-lojas aligncenter overlay-none curtain-left\"><div class=\"overlay-hover\"><div class=\"image\"><div class=\"image-container\"><img width=\"40\" height=\"40\" src=\"https:\/\/realpaxfuneraria.com.br\/realpax\/wp-content\/uploads\/2019\/03\/ico-localizacao.png\" alt=\"\"><\/div><\/div><\/div><\/div>[vc_column_text]<\/p>\n<h5>Marechal Hermes<\/h5>\n<p>[\/vc_column_text][\/vc_column_inner][\/vc_row_inner][vc_row_inner css=&#8221;.vc_custom_1550671553610{background-color: #003751 !important;}&#8221; el_class=&#8221;.caixa-lojas&#8221;][vc_column_inner el_class=&#8221;box-lojas&#8221; css=&#8221;.vc_custom_1553099306092{border-top-width: 2px !important;border-right-width: 2px !important;border-bottom-width: 2px !important;border-left-width: 2px !important;border-left-color: #dd3333 !important;border-right-color: #dd3333 !important;border-top-color: #dd3333 !important;border-bottom-color: #dd3333 !important;}&#8221;][vc_column_text]<\/p>\n<h6 class=\"box-titulo\" style=\"color: #ffffff; text-align: center;\">Rua Gravat\u00e1, 13 &#8211; Rio de Janeiro &#8211; RJ.<br \/>\nCEP 21 610-510<br \/>\n<span class=\"tel-box\">Tel: (21) 3390-0236<\/span><\/h6>\n<p>[\/vc_column_text][vc_empty_space height=&#8221;20px&#8221;][\/vc_column_inner][\/vc_row_inner][vc_empty_space height=&#8221;15px&#8221;][vc_column_text]<\/p>\n<h6 class=\"box-model-content\" style=\"color: #000000; text-align: center;\">FUNER\u00c1RIA COSTA E ISAAC<br \/>\n<strong>Atr\u00e1s do teatro Armando Gonzaga<\/strong><\/h6>\n<p>[\/vc_column_text][\/vc_column][vc_column width=&#8221;1\/4&#8243;][vc_row_inner el_class=&#8221;titulo-lojas&#8221;][vc_column_inner]<div data-curtain=\"false\" data-preloader=\"false\" data-decoration=\"false\" data-decoration-size=\"small\" data-animation-delay=\"0\" data-parallax=\"false\" data-coordinatex=\"0\" data-coordinatey=\"0\" data-speed=\"1\" class=\"et-custom-image icon-titulo-lojas aligncenter overlay-none curtain-left\"><div class=\"overlay-hover\"><div class=\"image\"><div class=\"image-container\"><img width=\"40\" height=\"40\" src=\"https:\/\/realpaxfuneraria.com.br\/realpax\/wp-content\/uploads\/2019\/03\/ico-localizacao.png\" alt=\"\"><\/div><\/div><\/div><\/div>[vc_column_text]<\/p>\n<h5 style=\"text-align: left;\">Guadalupe<\/h5>\n<p>[\/vc_column_text][\/vc_column_inner][\/vc_row_inner][vc_row_inner css=&#8221;.vc_custom_1550667986959{background-color: #003751 !important;}&#8221;][vc_column_inner el_class=&#8221;box-lojas&#8221;][vc_column_text]<\/p>\n<h6 class=\"box-titulo\" style=\"color: #ffffff; text-align: center;\">Rua Marcos de Macedo, 154<br \/>\n\u2013 Rio de Janeiro &#8211; RJ<br \/>\nCEP 21 660-020<br \/>\n<span class=\"tel-box\">Tel: (21) 3390-9048<\/span><\/h6>\n<p>[\/vc_column_text][\/vc_column_inner][\/vc_row_inner][vc_empty_space height=&#8221;15px&#8221;][vc_column_text]<\/p>\n<h6 class=\"box-model-content\" style=\"text-align: center; color: #000;\">FUNER\u00c1RIA NOVO RIO<br \/>\n<strong>Em frente a Lona Cultural de Guadalupe<\/strong><\/h6>\n<p>[\/vc_column_text][\/vc_column][vc_column animation_delay=&#8221;0&#8243; width=&#8221;1\/4&#8243;][vc_row_inner el_class=&#8221;titulo-lojas&#8221;][vc_column_inner]<div data-curtain=\"false\" data-preloader=\"false\" data-decoration=\"false\" data-decoration-size=\"small\" data-animation-delay=\"0\" data-parallax=\"false\" data-coordinatex=\"0\" data-coordinatey=\"0\" data-speed=\"1\" class=\"et-custom-image icon-titulo-lojas aligncenter overlay-none curtain-left\"><div class=\"overlay-hover\"><div class=\"image\"><div class=\"image-container\"><img width=\"40\" height=\"40\" src=\"https:\/\/realpaxfuneraria.com.br\/realpax\/wp-content\/uploads\/2019\/03\/ico-localizacao.png\" alt=\"\"><\/div><\/div><\/div><\/div>[vc_column_text]<\/p>\n<h5 style=\"text-align: left;\">Inha\u00fama<\/h5>\n<p>[\/vc_column_text][\/vc_column_inner][\/vc_row_inner][vc_row_inner css=&#8221;.vc_custom_1550667986959{background-color: #003751 !important;}&#8221;][vc_column_inner el_class=&#8221;box-lojas&#8221;][vc_column_text]<\/p>\n<h6 class=\"box-titulo\" style=\"color: #ffffff; text-align: center;\">Av. Martin Luther King Jr., 1650<br \/>\n&#8211; Rio de Janeiro \u2013 RJ<br \/>\nCEP 20 765-000<br \/>\n<span class=\"tel-box\">Tel: (21) 2594-4393<br \/>\n(21) 2595-2385<\/span><\/h6>\n<p>[\/vc_column_text][\/vc_column_inner][\/vc_row_inner][vc_empty_space height=&#8221;15px&#8221;][vc_column_text]<\/p>\n<h6 class=\"box-model-content\" style=\"color: #000000; text-align: center;\">FUNER\u00c1RIA CAPELA\u00a0 SANTA C\u00c1SSIA<br \/>\nEm frente ao cemit\u00e9rio de Inha\u00fama<\/h6>\n<p>[\/vc_column_text][\/vc_column][vc_column width=&#8221;1\/4&#8243;][vc_row_inner el_class=&#8221;titulo-lojas&#8221;][vc_column_inner]<div data-curtain=\"false\" data-preloader=\"false\" data-decoration=\"false\" data-decoration-size=\"small\" data-animation-delay=\"0\" data-parallax=\"false\" data-coordinatex=\"0\" data-coordinatey=\"0\" data-speed=\"1\" class=\"et-custom-image icon-titulo-lojas aligncenter overlay-none curtain-left\"><div class=\"overlay-hover\"><div class=\"image\"><div class=\"image-container\"><img width=\"40\" height=\"40\" src=\"https:\/\/realpaxfuneraria.com.br\/realpax\/wp-content\/uploads\/2019\/03\/ico-localizacao.png\" alt=\"\"><\/div><\/div><\/div><\/div>[vc_column_text]<\/p>\n<h5 style=\"text-align: left;\">Olinda (Nil\u00f3polis)<\/h5>\n<p>[\/vc_column_text][\/vc_column_inner][\/vc_row_inner][vc_row_inner css=&#8221;.vc_custom_1550667986959{background-color: #003751 !important;}&#8221;][vc_column_inner el_class=&#8221;box-lojas&#8221;][vc_column_text]<\/p>\n<h6 class=\"box-titulo\" style=\"color: #ffffff; text-align: center;\">Av. Get\u00falio Vargas, 536 \u2013 Olinda<br \/>\n\u2013 Nil\u00f3polis &#8211; RJ<br \/>\nCEP 26 510-014<br \/>\n<span class=\"tel-box\">Tel: (21) 3039-0474<\/span><\/h6>\n<p>[\/vc_column_text][\/vc_column_inner][\/vc_row_inner][vc_empty_space height=&#8221;15px&#8221;][vc_column_text]<\/p>\n<h6 class=\"box-model-content\" style=\"text-align: center; color: #000;\">FUNER\u00c1RIA E CAPELA S\u00c3O SEBASTI\u00c3O<br \/>\n<strong>Em frente a Igreja de S\u00e3o Sebasti\u00e3o<\/strong><\/h6>\n<p>[\/vc_column_text][\/vc_column][\/vc_row][vc_row full_width=&#8221;stretch_row_content&#8221; gap=&#8221;0&#8243;][vc_column][vc_empty_space height=&#8221;40px&#8221;]<div class=\"map\" id=\"gmap-1\" data-animate=\"true\" data-x1=\"-22.866356\" data-x2=\"-22.839748\" data-x3=\"-22.8155707\" data-x4=\"-22.84212\" data-y1=\"-43.3730959\" data-y2=\"-43.378144\" data-y3=\"-43.4127393\" data-y4=\"-43.3356591\" data-title1=\"Marechal Hermes\" data-title2=\"Guadalupe - RJ\" data-title3=\"Nil\u00f3polis - RJ\" data-title4=\"Inha\u00fama - RJ\" data-content1=\"R. Gravata, 13 - Mal. Hermes,&lt;br \/&gt;Rio de Janeiro - RJ, 21610-510\" data-content2=\"R. Marcos de Macedo, 154 - Guadalupe&lt;br \/&gt;Rio de Janeiro - RJ, 21660-020\" data-content3=\"Av. Get\u00falio Vargas, 536 - Centro&lt;br \/&gt;Nil\u00f3polis - RJ, 26510-014\" data-content4=\"Av. Martin Luther King Jr., 1650, Inha\u00fama&lt;br \/&gt;Rio de Janeiro - RJ, 20765-000\" data-image2=\"https:\/\/realpaxfuneraria.com.br\/realpax\/wp-content\/uploads\/2018\/07\/map2.jpg\"  data-type=\"roadmap\" data-zoom=\"11\" data-marker=\"https:\/\/realpaxfuneraria.com.br\/realpax\/wp-content\/themes\/globax\/images\/marker.png\" style=\"width:100%;height:720px;\"><\/div>[\/vc_column][\/vc_row][vc_row][vc_column][vc_empty_space][\/vc_column][\/vc_row]<\/p>\n","protected":false},"excerpt":{"rendered":"<p>[vc_row][vc_column][\/vc_column][\/vc_row][vc_row css=&#8221;.vc_custom_1532443613873{padding-top: 96px !important;padding-bottom: 24px !important;}&#8221;][vc_column width=&#8221;1\/4&#8243;][vc_empty_space height=&#8221;40px&#8221;][\/vc_column][vc_column animation_delay=&#8221;0&#8243; width=&#8221;3\/4&#8243; el_class=&#8221;contact-form-button-full&#8221;][\/vc_column][\/vc_row][vc_row full_width=&#8221;stretch_row_content&#8221; gap=&#8221;48&#8243;][vc_column width=&#8221;1\/4&#8243;][vc_row_inner el_class=&#8221;titulo-lojas&#8221;][vc_column_inner][vc_column_text] Marechal Hermes [\/vc_column_text][\/vc_column_inner][\/vc_row_inner][vc_row_inner css=&#8221;.vc_custom_1550671553610{background-color: #003751 !important;}&#8221; el_class=&#8221;.caixa-lojas&#8221;][vc_column_inner el_class=&#8221;box-lojas&#8221; css=&#8221;.vc_custom_1553099306092{border-top-width: 2px !important;border-right-width: 2px !important;border-bottom-width: 2px !important;border-left-width: 2px !important;border-left-color: #dd3333 !important;border-right-color: #dd3333 !important;border-top-color: #dd3333 !important;border-bottom-color: #dd3333 !important;}&#8221;][vc_column_text] Rua Gravat\u00e1, 13 &#8211; Rio de Janeiro &#8211; RJ. CEP 21 610-510 Tel: (21) 3390-0236 [&hellip;]<\/p>\n","protected":false},"author":1,"featured_media":0,"parent":0,"menu_order":0,"comment_status":"closed","ping_status":"closed","template":"","meta":[],"_links":{"self":[{"href":"https:\/\/realpaxfuneraria.com.br\/realpax\/wp-json\/wp\/v2\/pages\/13902"}],"collection":[{"href":"https:\/\/realpaxfuneraria.com.br\/realpax\/wp-json\/wp\/v2\/pages"}],"about":[{"href":"https:\/\/realpaxfuneraria.com.br\/realpax\/wp-json\/wp\/v2\/types\/page"}],"author":[{"embeddable":true,"href":"https:\/\/realpaxfuneraria.com.br\/realpax\/wp-json\/wp\/v2\/users\/1"}],"replies":[{"embeddable":true,"href":"https:\/\/realpaxfuneraria.com.br\/realpax\/wp-json\/wp\/v2\/comments?post=13902"}],"version-history":[{"count":22,"href":"https:\/\/realpaxfuneraria.com.br\/realpax\/wp-json\/wp\/v2\/pages\/13902\/revisions"}],"predecessor-version":[{"id":14497,"href":"https:\/\/realpaxfuneraria.com.br\/realpax\/wp-json\/wp\/v2\/pages\/13902\/revisions\/14497"}],"wp:attachment":[{"href":"https:\/\/realpaxfuneraria.com.br\/realpax\/wp-json\/wp\/v2\/media?parent=13902"}],"curies":[{"name":"wp","href":"https:\/\/api.w.org\/{rel}","templated":true}]}}