{"id":13901,"date":"2018-08-29T11:26:47","date_gmt":"2018-08-29T14:26:47","guid":{"rendered":"http:\/\/realpaxfuneraria.com.br\/realpax\/?page_id=13901"},"modified":"2018-09-06T14:28:08","modified_gmt":"2018-09-06T17:28:08","slug":"servicos","status":"publish","type":"page","link":"https:\/\/realpaxfuneraria.com.br\/realpax\/servicos\/","title":{"rendered":"Servi\u00e7os"},"content":{"rendered":"<p>[vc_row gap=&#8221;0&#8243; content_placement=&#8221;middle&#8221; css=&#8221;.vc_custom_1531480069284{padding-top: 96px !important;}&#8221;][vc_column offset=&#8221;vc_col-lg-6 vc_col-md-8 vc_col-xs-12&#8243;]<h6 class=\"et-highlight-title \" style=\"font-size:16px;font-weight:700;line-height:24px;letter-spacing:0.5px;color:#003751;\" data-mobile-font=\"inherit\" data-tablet-font=\"inherit\"><span class=\"title-inner\">Assist\u00eancia Funeral<span class=\"highlight-line\" style=\"background-color:#c7db56;\"><\/span><\/span><\/h6>[vc_custom_heading text=&#8221;conhe\u00e7a nossos servi\u00e7os&#8221; font_container=&#8221;tag:h3|font_size:48px|text_align:left|line_height:56px&#8221; use_theme_fonts=&#8221;yes&#8221; mobile_font_size=&#8221;32px&#8221; css=&#8221;.vc_custom_1535755128754{margin-bottom: 0px !important;}&#8221;]<div class=\"gap et-clearfix \" style=\"height:32px\"><\/div>[vc_custom_heading text=&#8221;Em momentos dif\u00edceis, ter uma assist\u00eancia de qualidade e com respeito, faz toda a diferen\u00e7a. Somos refer\u00eancia no segmento e totalmente legalizada.&#8221; font_container=&#8221;tag:p|font_size:18px|text_align:left|color:%23616161|line_height:32px&#8221; use_theme_fonts=&#8221;yes&#8221; el_class=&#8221;et-elements-subtitle&#8221;]<div class=\"sep-wrap left   et-clearfix\" data-delay=\"0\"><div class=\"et-separator solid\" style=\"height:2px;width:100%;border-bottom-width:2px;border-bottom-style:solid;border-bottom-color:#e0e0e0;\"><\/div><\/div>[\/vc_column][vc_column offset=&#8221;vc_col-lg-6 vc_col-md-4 vc_hidden-md vc_hidden-sm vc_col-xs-12 vc_hidden-xs&#8221;][\/vc_column][\/vc_row][vc_row css=&#8221;.vc_custom_1530779803137{padding-top: 72px !important;padding-bottom: 72px !important;}&#8221;][vc_column]<div class=\"et-content-box-alt-wrapper\"><style>#et-content-box-alt-1{margin-left:-12px;margin-right:-12px;}#et-content-box-alt-1 .box-item-alt-inner {padding:12px}<\/style><div id=\"et-content-box-alt-1\" class=\"et-content-box-alt et-item-set et-clearfix hover-box effect-type-sequential effect-moveUp\" data-columns=\"3\"><div class=\"box-item-alt-wrapper et-item et-box-item-alt\"><style>#box-item-alt-1 .box-item-alt-content-wrapper {background-color:#003751;}#box-item-alt-1 .box-icon {color:#ffffff;}<\/style><div id=\"box-item-alt-1\"  class=\"box-item-alt-inner et-item-inner\"><div class=\"box-item-alt-content-wrapper et-clearfix\"><div class=\"box-item-content et-clearfix\">[vc_custom_heading text=&#8221;PLANO FUNERAL&#8221; font_container=&#8221;tag:h5|font_size:18px|text_align:left|color:%23ffffff|line_height:32px&#8221; use_theme_fonts=&#8221;yes&#8221; el_class=&#8221;letter-spacing-50&#8243; css=&#8221;.vc_custom_1535755481739{margin-bottom: 16px !important;}&#8221;][vc_column_text css=&#8221;.vc_custom_1536005843474{margin-bottom: 16px !important;}&#8221; el_class=&#8221;branco&#8221;]<\/p>\n<div class=\"wpb_text_column wpb_content_element vc_custom_1535569207521\">\n<div class=\"wpb_wrapper\">\n<p>Uma alternativa para quem deseja estar prevenido, planos a partir de R$ 1,50.<\/p>\n<\/div>\n<\/div>\n<p>[\/vc_column_text]<a target=\"_blank\" href=\"http:\/\/www.realpax.com.br\" id=\"et-line-button-1\" style=\"color:#ffffff;\" class=\"et-line-button  modal-false false\"><span class=\"text\">Saiba Mais<\/span><span style=\"background-color:#c3da56;\" class=\"line-before line\"><\/span><span style=\"background-color:#c3da56;\" class=\"line-after line\"><\/span><\/a><\/div><span class=\"et-icon box-icon fa fa-users\"><\/span><\/div><\/div><\/div><div class=\"box-item-alt-wrapper et-item et-box-item-alt\"><style>#box-item-alt-2 .box-item-alt-content-wrapper {background-color:#003751;}#box-item-alt-2 .box-icon {color:#ffffff;}<\/style><div id=\"box-item-alt-2\"  class=\"box-item-alt-inner et-item-inner\"><div class=\"box-item-alt-content-wrapper et-clearfix\"><div class=\"box-item-content et-clearfix\">[vc_custom_heading text=&#8221;FUNERAL&#8221; font_container=&#8221;tag:h5|font_size:18px|text_align:left|color:%23ffffff|line_height:32px&#8221; use_theme_fonts=&#8221;yes&#8221; el_class=&#8221;letter-spacing-50&#8243; css=&#8221;.vc_custom_1535755458811{margin-bottom: 16px !important;}&#8221;][vc_column_text css=&#8221;.vc_custom_1536005861747{margin-bottom: 16px !important;}&#8221; el_class=&#8221;branco&#8221;]<\/p>\n<div class=\"wpb_text_column wpb_content_element vc_custom_1535569331641\">\n<div class=\"wpb_wrapper\">\n<p>Oferecemos todos os tipos de funerais, facilitando em 12x sem juros.<\/p>\n<\/div>\n<\/div>\n<p>[\/vc_column_text]<a target=\"_self\" href=\"http:\/\/realpaxfuneraria.com.br\/realpax\/funeral\" id=\"et-line-button-2\" style=\"color:#ffffff;\" class=\"et-line-button  modal-false false\"><span class=\"text\">Saiba Mais<\/span><span style=\"background-color:#c3da56;\" class=\"line-before line\"><\/span><span style=\"background-color:#c3da56;\" class=\"line-after line\"><\/span><\/a><\/div><span class=\"et-icon box-icon fa fa-ribbon\"><\/span><\/div><\/div><\/div><div class=\"box-item-alt-wrapper et-item et-box-item-alt\"><style>#box-item-alt-3 .box-item-alt-content-wrapper {background-color:#003751;}#box-item-alt-3 .box-icon {color:#ffffff;}<\/style><div id=\"box-item-alt-3\"  class=\"box-item-alt-inner et-item-inner\"><div class=\"box-item-alt-content-wrapper et-clearfix\"><div class=\"box-item-content et-clearfix\">[vc_custom_heading text=&#8221;CREMA\u00c7\u00c3O&#8221; font_container=&#8221;tag:h5|font_size:18px|text_align:left|color:%23ffffff|line_height:32px&#8221; use_theme_fonts=&#8221;yes&#8221; el_class=&#8221;letter-spacing-50&#8243; css=&#8221;.vc_custom_1535755499553{margin-bottom: 16px !important;}&#8221;][vc_column_text css=&#8221;.vc_custom_1536005880943{margin-bottom: 16px !important;}&#8221; el_class=&#8221;branco&#8221;]<\/p>\n<div class=\"wpb_text_column wpb_content_element vc_custom_1535569365703\">\n<div class=\"wpb_wrapper\">\n<p>Hoje uma tend\u00eancia, somos especialistas nesse procedimento.<\/p>\n<\/div>\n<\/div>\n<p>[\/vc_column_text]<a target=\"_self\" href=\"http:\/\/realpaxfuneraria.com.br\/realpax\/cremacao\" id=\"et-line-button-3\" style=\"color:#ffffff;\" class=\"et-line-button  modal-false false\"><span class=\"text\">Saiba Mais<\/span><span style=\"background-color:#c3da56;\" class=\"line-before line\"><\/span><span style=\"background-color:#c3da56;\" class=\"line-after line\"><\/span><\/a><\/div><span class=\"et-icon box-icon fa fa-chess-bishop\"><\/span><\/div><\/div><\/div><\/div><\/div>[vc_empty_space]<div class=\"et-content-box-alt-wrapper\"><style>#et-content-box-alt-2{margin-left:-12px;margin-right:-12px;}#et-content-box-alt-2 .box-item-alt-inner {padding:12px}<\/style><div id=\"et-content-box-alt-2\" class=\"et-content-box-alt et-item-set et-clearfix hover-box effect-type-sequential effect-moveUp\" data-columns=\"3\"><div class=\"box-item-alt-wrapper et-item et-box-item-alt\"><style>#box-item-alt-4 .box-item-alt-content-wrapper {background-color:#003751;}#box-item-alt-4 .box-icon {color:#ffffff;}<\/style><div id=\"box-item-alt-4\"  class=\"box-item-alt-inner et-item-inner\"><div class=\"box-item-alt-content-wrapper et-clearfix\"><div class=\"box-item-content et-clearfix\">[vc_custom_heading text=&#8221;REGISTRO&#8221; font_container=&#8221;tag:h5|font_size:18px|text_align:left|color:%23ffffff|line_height:32px&#8221; use_theme_fonts=&#8221;yes&#8221; el_class=&#8221;letter-spacing-50&#8243; css=&#8221;.vc_custom_1535755514769{margin-bottom: 16px !important;}&#8221;][vc_column_text css=&#8221;.vc_custom_1536254448808{margin-bottom: 16px !important;}&#8221; el_class=&#8221;branco&#8221;]<\/p>\n<div class=\"wpb_text_column wpb_content_element vc_custom_1535569389888\">\n<div class=\"wpb_wrapper\">\n<p>O registro \u00e9 necess\u00e1rio e realizamos sem custo.<\/p>\n<\/div>\n<\/div>\n<p>[\/vc_column_text]<a target=\"_self\" href=\"http:\/\/realpaxfuneraria.com.br\/realpax\/registro\" id=\"et-line-button-4\" style=\"color:#ffffff;\" class=\"et-line-button  modal-false false\"><span class=\"text\">Saiba Mais<\/span><span style=\"background-color:#c3da56;\" class=\"line-before line\"><\/span><span style=\"background-color:#c3da56;\" class=\"line-after line\"><\/span><\/a><\/div><span class=\"et-icon box-icon fa fa-address-card\"><\/span><\/div><\/div><\/div><div class=\"box-item-alt-wrapper et-item et-box-item-alt\"><style>#box-item-alt-5 .box-item-alt-content-wrapper {background-color:#003751;}#box-item-alt-5 .box-icon {color:#ffffff;}<\/style><div id=\"box-item-alt-5\"  class=\"box-item-alt-inner et-item-inner\"><div class=\"box-item-alt-content-wrapper et-clearfix\"><div class=\"box-item-content et-clearfix\">[vc_custom_heading text=&#8221;TRANSLADO&#8221; font_container=&#8221;tag:h5|font_size:18px|text_align:left|color:%23ffffff|line_height:32px&#8221; use_theme_fonts=&#8221;yes&#8221; el_class=&#8221;letter-spacing-50&#8243; css=&#8221;.vc_custom_1535755525041{margin-bottom: 16px !important;}&#8221;][vc_column_text css=&#8221;.vc_custom_1536252712561{margin-bottom: 16px !important;}&#8221; el_class=&#8221;branco&#8221;]<\/p>\n<div class=\"wpb_text_column wpb_content_element vc_custom_1535569457472\">\n<div class=\"wpb_wrapper\">\n<p>Para qualquer local do Brasil e do Mundo, sem burocracias.<\/p>\n<\/div>\n<\/div>\n<p>[\/vc_column_text]<a target=\"_self\" href=\"http:\/\/realpaxfuneraria.com.br\/realpax\/translado\" id=\"et-line-button-5\" style=\"color:#ffffff;\" class=\"et-line-button  modal-false false\"><span class=\"text\">Saiba Mais<\/span><span style=\"background-color:#c3da56;\" class=\"line-before line\"><\/span><span style=\"background-color:#c3da56;\" class=\"line-after line\"><\/span><\/a><\/div><span class=\"et-icon box-icon globax icon-gx-air-transport\"><\/span><\/div><\/div><\/div><div class=\"box-item-alt-wrapper et-item et-box-item-alt\"><style>#box-item-alt-6 .box-item-alt-content-wrapper {background-color:#003751;}#box-item-alt-6 .box-icon {color:#ffffff;}<\/style><div id=\"box-item-alt-6\"  class=\"box-item-alt-inner et-item-inner\"><div class=\"box-item-alt-content-wrapper et-clearfix\"><div class=\"box-item-content et-clearfix\">[vc_custom_heading text=&#8221;REMO\u00c7\u00c3O&#8221; font_container=&#8221;tag:h5|font_size:18px|text_align:left|color:%23ffffff|line_height:32px&#8221; use_theme_fonts=&#8221;yes&#8221; el_class=&#8221;letter-spacing-50&#8243; css=&#8221;.vc_custom_1535755535297{margin-bottom: 16px !important;}&#8221;][vc_column_text css=&#8221;.vc_custom_1536005932863{margin-bottom: 16px !important;}&#8221; el_class=&#8221;branco&#8221;]<\/p>\n<div class=\"wpb_text_column wpb_content_element vc_custom_1535569490352\">\n<div class=\"wpb_wrapper\">\n<p>Frota pr\u00f3pria e moderna, para um atendimento r\u00e1pido.<\/p>\n<\/div>\n<\/div>\n<p>[\/vc_column_text]<a target=\"_self\" href=\"http:\/\/realpaxfuneraria.com.br\/realpax\/remocao\" id=\"et-line-button-6\" style=\"color:#ffffff;\" class=\"et-line-button  modal-false false\"><span class=\"text\">Saiba Mais<\/span><span style=\"background-color:#c3da56;\" class=\"line-before line\"><\/span><span style=\"background-color:#c3da56;\" class=\"line-after line\"><\/span><\/a><\/div><span class=\"et-icon box-icon fa fa-ambulance\"><\/span><\/div><\/div><\/div><\/div><\/div>[\/vc_column][\/vc_row][vc_row gap=&#8221;40&#8243; content_placement=&#8221;middle&#8221; css=&#8221;.vc_custom_1532100510807{padding-top: 40px !important;padding-bottom: 40px !important;}&#8221;][vc_column animation_delay=&#8221;0&#8243; offset=&#8221;vc_col-lg-6 vc_col-md-12 vc_col-xs-12&#8243; css=&#8221;.vc_custom_1532100209167{padding-top: 0px !important;}&#8221;]<h6 class=\"et-highlight-title \" style=\"font-size:12px;font-weight:700;line-height:24px;letter-spacing:0.5px;color:#003751;\" data-mobile-font=\"inherit\" data-tablet-font=\"inherit\"><span class=\"title-inner\">Fale Conosco<span class=\"highlight-line\" style=\"background-color:#c7db56;\"><\/span><\/span><\/h6><h3 id=\"et-animated-title-1\" class=\"et-animated-title et-clearfix  words-direct\" data-mobile-font=\"32px\" data-tablet-font=\"inherit\" data-delay=\"100\" style=\"font-size:48px;font-weight:700;line-height:56px;color:#212121;\"><span class=\"text-wrapper\"><span class=\"text\">Deixe-nos ajud\u00e1-lo a encontrar uma solu\u00e7\u00e3o que atenda sua necessidade.<br \/>\n<\/span><\/span><\/h3><div class=\"gap et-clearfix \" style=\"height:24px\"><\/div>[vc_column_text css=&#8221;.vc_custom_1535632753028{margin-bottom: 0px !important;}&#8221;]Est\u00e1 interessado em nossos servi\u00e7os? Preencha o formul\u00e1rio e um de nossos consultores entrar\u00e3o em contato com voc\u00ea para sanar todas as d\u00favidas. Temos solu\u00e7\u00f5es personalizadas para cada tipo de situa\u00e7\u00e3o.[\/vc_column_text]<div class=\"gap et-clearfix \" style=\"height:24px\"><\/div>[vc_custom_heading text=&#8221;Assist\u00eancia funeral 24h.&#8221; font_container=&#8221;tag:h6|font_size:18px|text_align:left|color:%23003751|line_height:32px&#8221; use_theme_fonts=&#8221;yes&#8221; css=&#8221;.vc_custom_1535754099201{margin-bottom: 0px !important;}&#8221;][\/vc_column][vc_column animation_delay=&#8221;0&#8243; offset=&#8221;vc_col-lg-6 vc_col-md-12 vc_col-xs-12&#8243; css=&#8221;.vc_custom_1532100542508{padding-top: 0px !important;}&#8221; el_class=&#8221;contact-form-button-full&#8221;]<div class=\"gap et-clearfix hide1279\" style=\"height:80px\"><\/div><div role=\"form\" class=\"wpcf7\" id=\"wpcf7-f13972-o1\" lang=\"en-US\" dir=\"ltr\">\n<div class=\"screen-reader-response\"><p role=\"status\" aria-live=\"polite\" aria-atomic=\"true\"><\/p> <ul><\/ul><\/div>\n<form action=\"\/realpax\/wp-json\/wp\/v2\/pages\/13901#wpcf7-f13972-o1\" method=\"post\" class=\"wpcf7-form init\" novalidate=\"novalidate\" data-status=\"init\">\n<div style=\"display: none;\">\n<input type=\"hidden\" name=\"_wpcf7\" value=\"13972\" \/>\n<input type=\"hidden\" name=\"_wpcf7_version\" value=\"5.5.6\" \/>\n<input type=\"hidden\" name=\"_wpcf7_locale\" value=\"en_US\" \/>\n<input type=\"hidden\" name=\"_wpcf7_unit_tag\" value=\"wpcf7-f13972-o1\" \/>\n<input type=\"hidden\" name=\"_wpcf7_container_post\" value=\"0\" \/>\n<input type=\"hidden\" name=\"_wpcf7_posted_data_hash\" value=\"\" \/>\n<\/div>\n<p><span class=\"wpcf7-form-control-wrap selecionado\"><select name=\"selecionado\" class=\"wpcf7-form-control wpcf7-select wpcf7-validates-as-required\" aria-required=\"true\" aria-invalid=\"false\"><option value=\"\">---<\/option><option value=\"D\u00favidas\">D\u00favidas<\/option><option value=\"Plano Funeral\">Plano Funeral<\/option><option value=\"Funeral\">Funeral<\/option><option value=\"Crema\u00e7\u00e3o\">Crema\u00e7\u00e3o<\/option><option value=\"Registro\">Registro<\/option><option value=\"Translado\">Translado<\/option><option value=\"Remo\u00e7\u00e3o\">Remo\u00e7\u00e3o<\/option><\/select><\/span><br \/>\n<span class=\"wpcf7-form-control-wrap nome\"><input type=\"text\" name=\"nome\" value=\"\" size=\"40\" class=\"wpcf7-form-control wpcf7-text wpcf7-validates-as-required\" aria-required=\"true\" aria-invalid=\"false\" placeholder=\"Seu nome*\" \/><\/span><br \/>\n<span class=\"wpcf7-form-control-wrap Telefone\"><input type=\"tel\" name=\"Telefone\" value=\"\" size=\"40\" class=\"wpcf7-form-control wpcf7-text wpcf7-tel wpcf7-validates-as-required wpcf7-validates-as-tel\" aria-required=\"true\" aria-invalid=\"false\" placeholder=\"Seu Telefone*\" \/><\/span><br \/>\n<span class=\"wpcf7-form-control-wrap email\"><input type=\"email\" name=\"email\" value=\"\" size=\"40\" class=\"wpcf7-form-control wpcf7-text wpcf7-email wpcf7-validates-as-required wpcf7-validates-as-email\" aria-required=\"true\" aria-invalid=\"false\" placeholder=\"Seu email*\" \/><\/span><br \/>\n<span class=\"wpcf7-form-control-wrap mensagem\"><textarea name=\"mensagem\" cols=\"40\" rows=\"10\" class=\"wpcf7-form-control wpcf7-textarea\" aria-invalid=\"false\" placeholder=\"Mensagem\"><\/textarea><\/span><br \/>\n<input type=\"submit\" value=\"Enviar Mensagem\" class=\"wpcf7-form-control has-spinner wpcf7-submit\" \/><\/p>\n<p style=\"display: none !important;\"><label>&#916;<textarea name=\"_wpcf7_ak_hp_textarea\" cols=\"45\" rows=\"8\" maxlength=\"100\"><\/textarea><\/label><input type=\"hidden\" id=\"ak_js_1\" name=\"_wpcf7_ak_js\" value=\"150\"\/><script>document.getElementById( \"ak_js_1\" ).setAttribute( \"value\", ( new Date() ).getTime() );<\/script><\/p><div class=\"wpcf7-response-output\" aria-hidden=\"true\"><\/div><\/form><\/div>[\/vc_column][\/vc_row]<\/p>\n","protected":false},"excerpt":{"rendered":"<p>[vc_row gap=&#8221;0&#8243; content_placement=&#8221;middle&#8221; css=&#8221;.vc_custom_1531480069284{padding-top: 96px !important;}&#8221;][vc_column offset=&#8221;vc_col-lg-6 vc_col-md-8 vc_col-xs-12&#8243;][vc_custom_heading text=&#8221;conhe\u00e7a nossos servi\u00e7os&#8221; font_container=&#8221;tag:h3|font_size:48px|text_align:left|line_height:56px&#8221; use_theme_fonts=&#8221;yes&#8221; mobile_font_size=&#8221;32px&#8221; css=&#8221;.vc_custom_1535755128754{margin-bottom: 0px !important;}&#8221;][vc_custom_heading text=&#8221;Em momentos dif\u00edceis, ter uma assist\u00eancia de qualidade e com respeito, faz toda a diferen\u00e7a. Somos refer\u00eancia no segmento e totalmente legalizada.&#8221; font_container=&#8221;tag:p|font_size:18px|text_align:left|color:%23616161|line_height:32px&#8221; use_theme_fonts=&#8221;yes&#8221; el_class=&#8221;et-elements-subtitle&#8221;][\/vc_column][vc_column offset=&#8221;vc_col-lg-6 vc_col-md-4 vc_hidden-md vc_hidden-sm vc_col-xs-12 vc_hidden-xs&#8221;][\/vc_column][\/vc_row][vc_row css=&#8221;.vc_custom_1530779803137{padding-top: 72px !important;padding-bottom: 72px !important;}&#8221;][vc_column][vc_empty_space][\/vc_column][\/vc_row][vc_row gap=&#8221;40&#8243; [&hellip;]<\/p>\n","protected":false},"author":1,"featured_media":0,"parent":0,"menu_order":0,"comment_status":"closed","ping_status":"closed","template":"","meta":[],"_links":{"self":[{"href":"https:\/\/realpaxfuneraria.com.br\/realpax\/wp-json\/wp\/v2\/pages\/13901"}],"collection":[{"href":"https:\/\/realpaxfuneraria.com.br\/realpax\/wp-json\/wp\/v2\/pages"}],"about":[{"href":"https:\/\/realpaxfuneraria.com.br\/realpax\/wp-json\/wp\/v2\/types\/page"}],"author":[{"embeddable":true,"href":"https:\/\/realpaxfuneraria.com.br\/realpax\/wp-json\/wp\/v2\/users\/1"}],"replies":[{"embeddable":true,"href":"https:\/\/realpaxfuneraria.com.br\/realpax\/wp-json\/wp\/v2\/comments?post=13901"}],"version-history":[{"count":25,"href":"https:\/\/realpaxfuneraria.com.br\/realpax\/wp-json\/wp\/v2\/pages\/13901\/revisions"}],"predecessor-version":[{"id":14376,"href":"https:\/\/realpaxfuneraria.com.br\/realpax\/wp-json\/wp\/v2\/pages\/13901\/revisions\/14376"}],"wp:attachment":[{"href":"https:\/\/realpaxfuneraria.com.br\/realpax\/wp-json\/wp\/v2\/media?parent=13901"}],"curies":[{"name":"wp","href":"https:\/\/api.w.org\/{rel}","templated":true}]}}