{"id":13900,"date":"2018-08-29T11:26:47","date_gmt":"2018-08-29T14:26:47","guid":{"rendered":"http:\/\/realpaxfuneraria.com.br\/realpax\/?page_id=13900"},"modified":"2022-03-24T15:26:52","modified_gmt":"2022-03-24T18:26:52","slug":"empresa","status":"publish","type":"page","link":"https:\/\/realpaxfuneraria.com.br\/realpax\/empresa\/","title":{"rendered":"Empresa"},"content":{"rendered":"<p>[vc_row gap=&#8221;80&#8243; css=&#8221;.vc_custom_1532438709730{padding-top: 40px !important;padding-bottom: 72px !important;}&#8221;][vc_column width=&#8221;2\/3&#8243;]<h3 id=\"et-animated-title-1\" class=\"et-animated-title et-clearfix  words-direct\" data-mobile-font=\"24px\" data-tablet-font=\"32px\" data-delay=\"\" style=\"font-size:48px;font-weight:700;line-height:56px;color:#003751;\"><span class=\"text-wrapper\"><span class=\"text\">Conhe\u00e7a a Real Pax<\/span><\/span><\/h3><div class=\"gap et-clearfix \" style=\"height:2px\"><\/div><h3 id=\"et-animated-title-2\" class=\"et-animated-title et-clearfix  letter-direct\" data-mobile-font=\"inherit\" data-tablet-font=\"inherit\" data-delay=\"200\" style=\"font-size:24px;font-weight:700;line-height:32px;color:#c3da56;\"><span class=\"text-wrapper\"><span class=\"text\">Assist\u00eancia Funeral 24h.<\/span><\/span><\/h3><div class=\"gap et-clearfix \" style=\"height:32px\"><\/div><div class=\"et-simple-braket-block-wrapper\"><style>#et-simple-braket-block-1 .braket-text {font-size:24px;font-weight:400;line-height:32px;}#et-simple-braket-block-1 .braket > div  {background-color:#003751;}<\/style><div id=\"et-simple-braket-block-1\" class=\"et-simple-braket-block \"><div class=\"braket\"><div><\/div><div><\/div><div><\/div><\/div><div class=\"braket-text\" data-mobile-font=\"inherit\" data-tablet-font=\"inherit\">Com uni\u00e3o de experi\u00eancias nesses de mais de 70 Anos no segmento funer\u00e1rio, criamos um novo conceito em assist\u00eancia funeral a REAL PAX Com sede pr\u00f3pria e localizada em ponto estrat\u00e9gico, contamos com uma confort\u00e1vel estrutura para atendimento 24 horas aos nossos Associados.<\/div><\/div><\/div><div class=\"gap et-clearfix \" style=\"height:32px\"><\/div>[vc_custom_heading text=&#8221;Com mais de 70 anos no setor funer\u00e1rio a REAL PAX \u00e9 uma das empresas mais s\u00f3lidas no segmento funer\u00e1rio sendo hoje uma das l\u00edderes. Com o compromisso de qualidade total, possu\u00edmos toda a estrutura necess\u00e1ria para o planejamento, execu\u00e7\u00e3o e atendimento no momento em que a nossa central de atendimento for acionada a qualquer tempo. Nossa equipe \u00e9 composta por colaboradores altamente qualificados, com extensa capacita\u00e7\u00e3o t\u00e9cnica, recebendo treinamento peri\u00f3dico, assegurando assim qualidade no atendimento.&#8221; font_container=&#8221;tag:p|font_size:18px|text_align:left|line_height:24px&#8221; use_theme_fonts=&#8221;yes&#8221;][vc_custom_heading text=&#8221;Contamos hoje com v\u00e1rias funer\u00e1rias legalizadas em nosso grupo.&#8221; font_container=&#8221;tag:p|font_size:18px|text_align:left|line_height:24px&#8221; use_theme_fonts=&#8221;yes&#8221;][vc_custom_heading text=&#8221;Ao solicitar um atendimento de nossa empresa, direcionaremos consultores identificados e que apresentar\u00e3o todo nosso portf\u00f3lio de servi\u00e7os, e que ser\u00e3o escolhidos conforme a necessidade.&#8221; font_container=&#8221;tag:p|font_size:18px|text_align:left|line_height:24px&#8221; use_theme_fonts=&#8221;yes&#8221;][vc_custom_heading text=&#8221;Primamos pela transpar\u00eancia e esse \u00e9 o nosso compromisso.&#8221; font_container=&#8221;tag:p|font_size:18px|text_align:left|line_height:24px&#8221; use_theme_fonts=&#8221;yes&#8221;][\/vc_column][vc_column animation_delay=&#8221;0&#8243; width=&#8221;1\/3&#8243; css=&#8221;.vc_custom_1530279884745{border-left-width: 1px !important;padding-left: 20% !important;border-left-color: #e0e0e0 !important;border-left-style: solid !important;border-radius: 1px !important;}&#8221; el_class=&#8221;et-element-column-with-border-left&#8221;][vc_widget_sidebar sidebar_id=&#8221;page-5&#8243;][\/vc_column][\/vc_row]<\/p>\n","protected":false},"excerpt":{"rendered":"<p>[vc_row gap=&#8221;80&#8243; css=&#8221;.vc_custom_1532438709730{padding-top: 40px !important;padding-bottom: 72px !important;}&#8221;][vc_column width=&#8221;2\/3&#8243;][vc_custom_heading text=&#8221;Com mais de 70 anos no setor funer\u00e1rio a REAL PAX \u00e9 uma das empresas mais s\u00f3lidas no segmento funer\u00e1rio sendo hoje uma das l\u00edderes. Com o compromisso de qualidade total, possu\u00edmos toda a estrutura necess\u00e1ria para o planejamento, execu\u00e7\u00e3o e atendimento no momento em que a [&hellip;]<\/p>\n","protected":false},"author":1,"featured_media":0,"parent":0,"menu_order":0,"comment_status":"closed","ping_status":"closed","template":"","meta":[],"_links":{"self":[{"href":"https:\/\/realpaxfuneraria.com.br\/realpax\/wp-json\/wp\/v2\/pages\/13900"}],"collection":[{"href":"https:\/\/realpaxfuneraria.com.br\/realpax\/wp-json\/wp\/v2\/pages"}],"about":[{"href":"https:\/\/realpaxfuneraria.com.br\/realpax\/wp-json\/wp\/v2\/types\/page"}],"author":[{"embeddable":true,"href":"https:\/\/realpaxfuneraria.com.br\/realpax\/wp-json\/wp\/v2\/users\/1"}],"replies":[{"embeddable":true,"href":"https:\/\/realpaxfuneraria.com.br\/realpax\/wp-json\/wp\/v2\/comments?post=13900"}],"version-history":[{"count":9,"href":"https:\/\/realpaxfuneraria.com.br\/realpax\/wp-json\/wp\/v2\/pages\/13900\/revisions"}],"predecessor-version":[{"id":14473,"href":"https:\/\/realpaxfuneraria.com.br\/realpax\/wp-json\/wp\/v2\/pages\/13900\/revisions\/14473"}],"wp:attachment":[{"href":"https:\/\/realpaxfuneraria.com.br\/realpax\/wp-json\/wp\/v2\/media?parent=13900"}],"curies":[{"name":"wp","href":"https:\/\/api.w.org\/{rel}","templated":true}]}}